{"id":15609,"date":"2024-09-03T20:50:06","date_gmt":"2024-09-03T18:50:06","guid":{"rendered":"https:\/\/www.xxlkw-parking.de\/kamionos-hirek\/"},"modified":"2024-09-11T19:08:20","modified_gmt":"2024-09-11T17:08:20","slug":"kamionos-hirek","status":"publish","type":"page","link":"https:\/\/www.xxlkw-parking.de\/hu\/kamionos-hirek\/","title":{"rendered":"Kamionos h\u00edrek"},"content":{"rendered":"<style>.kb-row-layout-id15413_190a27-61 > .kt-row-column-wrap{align-content:start;}:where(.kb-row-layout-id15413_190a27-61 > .kt-row-column-wrap) > .wp-block-kadence-column{justify-content:start;}.kb-row-layout-id15413_190a27-61 > .kt-row-column-wrap{column-gap:var(--global-kb-gap-md, 2rem);row-gap:var(--global-kb-gap-md, 2rem);padding-top:var(--global-kb-spacing-sm, 1.5rem);padding-bottom:var(--global-kb-spacing-sm, 1.5rem);grid-template-columns:minmax(0, 1fr);}.kb-row-layout-id15413_190a27-61 > .kt-row-layout-overlay{opacity:0.30;}@media all and (max-width: 1024px){.kb-row-layout-id15413_190a27-61 > .kt-row-column-wrap{grid-template-columns:minmax(0, 1fr);}}@media all and (max-width: 767px){.kb-row-layout-id15413_190a27-61 > .kt-row-column-wrap{grid-template-columns:minmax(0, 1fr);}}<\/style><div class=\"kb-row-layout-wrap kb-row-layout-id15413_190a27-61 alignnone breite wp-block-kadence-rowlayout\"><div class=\"kt-row-column-wrap kt-has-1-columns kt-row-layout-equal kt-tab-layout-inherit kt-mobile-layout-row kt-row-valign-top\">\n<style>.kadence-column15413_d64c82-65 > .kt-inside-inner-col,.kadence-column15413_d64c82-65 > .kt-inside-inner-col:before{border-top-left-radius:0px;border-top-right-radius:0px;border-bottom-right-radius:0px;border-bottom-left-radius:0px;}.kadence-column15413_d64c82-65 > .kt-inside-inner-col{column-gap:var(--global-kb-gap-sm, 1rem);}.kadence-column15413_d64c82-65 > .kt-inside-inner-col{flex-direction:column;}.kadence-column15413_d64c82-65 > .kt-inside-inner-col > .aligncenter{width:100%;}.kadence-column15413_d64c82-65 > .kt-inside-inner-col:before{opacity:0.3;}.kadence-column15413_d64c82-65{position:relative;}@media all and (max-width: 1024px){.kadence-column15413_d64c82-65 > .kt-inside-inner-col{flex-direction:column;justify-content:center;}}@media all and (max-width: 767px){.kadence-column15413_d64c82-65 > .kt-inside-inner-col{flex-direction:column;justify-content:center;}}<\/style>\n<div class=\"wp-block-kadence-column kadence-column15413_d64c82-65\"><div class=\"kt-inside-inner-col\">\n<h1 class=\"wp-block-heading has-text-align-center neww\">TRUCKER H\u00cdREK<\/h1>\n\n\n<style>.kb-posts-id-15413_af73a6-a9 .kb-post-list-item{display:grid;}<\/style><ul class=\"wp-block-kadence-posts kb-posts kadence-posts-list kb-posts-id-15413_af73a6-a9 content-wrap grid-cols kb-posts-style-boxed grid-sm-col-2 grid-lg-col-2 item-image-style-above\"><li class=\"kb-post-list-item\">\n\t<article class=\"entry content-bg loop-entry post-15663 post type-post status-publish format-standard has-post-thumbnail hentry category-trucker-news-hu category-unkategorisiert-hu\">\n\t\t\t\t<a aria-hidden=\"true\" tabindex=\"-1\" role=\"presentation\" class=\"post-thumbnail kadence-thumbnail-ratio-2-3\" href=\"https:\/\/www.xxlkw-parking.de\/hu\/az-xxlkw-parking-partnerkent-vesz-reszt-a-varsoi-100-vezerigazgatoi-konferencian\/\" aria-label=\"Az XXLKW Parking partnerk\u00e9nt vesz r\u00e9szt a vars\u00f3i 100 vez\u00e9rigazgat\u00f3i konferenci\u00e1n\">\n\t\t\t<div class=\"post-thumbnail-inner\">\n\t\t\t\t<img decoding=\"async\" width=\"768\" height=\"402\" src=\"https:\/\/www.xxlkw-parking.de\/wp-content\/uploads\/2024\/09\/1200x628_CEO_xxlKW-768x402.jpg\" class=\"attachment-medium_large size-medium_large wp-post-image\" alt=\"XXLKW Parking als Partner auf der 100 CEOs Conference in Warschau\" \/>\t\t\t<\/div>\n\t\t<\/a><!-- .post-thumbnail -->\n\t\t\t\t<div class=\"entry-content-wrap\">\n\t\t\t<header class=\"entry-header\">\n\t\t<div class=\"entry-taxonomies\">\n\t\t<span class=\"category-links term-links category-style-normal\">\n\t\t\t<a href=\"https:\/\/www.xxlkw-parking.de\/hu\/category\/trucker-news-hu\/\" class=\"category-link-trucker-news-hu\" rel=\"tag\">Trucker-News<\/a> | <a href=\"https:\/\/www.xxlkw-parking.de\/hu\/category\/unkategorisiert-hu\/\" class=\"category-link-unkategorisiert-hu\" rel=\"tag\">Unkategorisiert<\/a>\t\t<\/span>\n\t<\/div><!-- .entry-taxonomies -->\n\t<h2 class=\"entry-title\"><a href=\"https:\/\/www.xxlkw-parking.de\/hu\/az-xxlkw-parking-partnerkent-vesz-reszt-a-varsoi-100-vezerigazgatoi-konferencian\/\" rel=\"bookmark\">Az XXLKW Parking partnerk\u00e9nt vesz r\u00e9szt a vars\u00f3i 100 vez\u00e9rigazgat\u00f3i konferenci\u00e1n<\/a><\/h2>\t<div class=\"entry-meta entry-meta-divider-dot\">\n\t\t\t\t<span class=\"posted-on\">\n\t\t\t\t<time class=\"entry-date published\" datetime=\"2024-09-11T18:16:01+02:00\">2024.09.11.<\/time><time class=\"updated\" datetime=\"2024-09-11T19:22:12+02:00\">2024.09.11.<\/time>\t\t\t<\/span>\n\t\t\t\t<\/div><!-- .entry-meta -->\n\t<\/header><!-- .entry-header -->\n\t<div class=\"entry-summary\">\n\t\t<p>Ezen a h\u00e9ten izgalmas h\u00edreink vannak! Az XXLKW Secure Parking Elbebr\u00fccke GmbH b\u00fcszke arra, hogy partnere lehet a vars\u00f3i 100 CEOs konferenci\u00e1nak : Szeptember 12. | WARZSAW (transport-manager.pl). Ez a fontos esem\u00e9ny a sz\u00e1ll\u00edtm\u00e1nyoz\u00e1si \u00e9s logisztikai ipar\u00e1g vezet\u0151 elm\u00e9it hozza \u00f6ssze, hogy megvitass\u00e1k az \u00e1gazat j\u00f6v\u0151j\u00e9t. Mi az a 100 vez\u00e9rigazgat\u00f3i konferencia? A Transport Manager&#8230;<\/p>\n\t<\/div><!-- .entry-summary -->\n\t<footer class=\"entry-footer\">\n\t\t\t<div class=\"entry-actions\">\n\t\t\t<p class=\"more-link-wrap\">\n\t\t\t\t<a href=\"https:\/\/www.xxlkw-parking.de\/hu\/az-xxlkw-parking-partnerkent-vesz-reszt-a-varsoi-100-vezerigazgatoi-konferencian\/\" class=\"post-more-link\">\n\t\t\t\t\tRead More<span class=\"screen-reader-text\"> Az XXLKW Parking partnerk\u00e9nt vesz r\u00e9szt a vars\u00f3i 100 vez\u00e9rigazgat\u00f3i konferenci\u00e1n<\/span><span class=\"kadence-svg-iconset svg-baseline\"><svg aria-hidden=\"true\" class=\"kadence-svg-icon kadence-arrow-right-alt-svg\" fill=\"currentColor\" version=\"1.1\" xmlns=\"http:\/\/www.w3.org\/2000\/svg\" width=\"27\" height=\"28\" viewBox=\"0 0 27 28\"><title>Continue<\/title><path d=\"M27 13.953c0 0.141-0.063 0.281-0.156 0.375l-6 5.531c-0.156 0.141-0.359 0.172-0.547 0.094-0.172-0.078-0.297-0.25-0.297-0.453v-3.5h-19.5c-0.281 0-0.5-0.219-0.5-0.5v-3c0-0.281 0.219-0.5 0.5-0.5h19.5v-3.5c0-0.203 0.109-0.375 0.297-0.453s0.391-0.047 0.547 0.078l6 5.469c0.094 0.094 0.156 0.219 0.156 0.359v0z\"><\/path>\n\t\t\t<\/svg><\/span>\t\t\t\t<\/a>\n\t\t\t<\/p>\n\t\t<\/div><!-- .entry-actions -->\n\t\t<\/footer><!-- .entry-footer -->\t\t<\/div>\n\t<\/article>\n<\/li>\n<li class=\"kb-post-list-item\">\n\t<article class=\"entry content-bg loop-entry post-15727 post type-post status-publish format-standard has-post-thumbnail hentry category-trucker-news-hu category-unkategorisiert-hu\">\n\t\t\t\t<a aria-hidden=\"true\" tabindex=\"-1\" role=\"presentation\" class=\"post-thumbnail kadence-thumbnail-ratio-2-3\" href=\"https:\/\/www.xxlkw-parking.de\/hu\/nagyszeru-hir-minden-teherauto-vezetonek-itt-az-5-euros-utalvany\/\" aria-label=\"Nagyszer\u0171 h\u00edr minden teheraut\u00f3-vezet\u0151nek: itt az 5 eur\u00f3s utalv\u00e1ny!\">\n\t\t\t<div class=\"post-thumbnail-inner\">\n\t\t\t\t<img decoding=\"async\" width=\"768\" height=\"768\" src=\"https:\/\/www.xxlkw-parking.de\/wp-content\/uploads\/2024\/09\/Bild-Voucher-Beitrag-Trucker-im-Shop-768x768.jpg\" class=\"attachment-medium_large size-medium_large wp-post-image\" alt=\"Trucker im Shop von XXLKW Secure Parking Elbebr\u00fccke. Er h\u00e4lt ein Parkticket in den H\u00e4nden w\u00e4hrend er am Tisch sitzt.\" \/>\t\t\t<\/div>\n\t\t<\/a><!-- .post-thumbnail -->\n\t\t\t\t<div class=\"entry-content-wrap\">\n\t\t\t<header class=\"entry-header\">\n\t\t<div class=\"entry-taxonomies\">\n\t\t<span class=\"category-links term-links category-style-normal\">\n\t\t\t<a href=\"https:\/\/www.xxlkw-parking.de\/hu\/category\/trucker-news-hu\/\" class=\"category-link-trucker-news-hu\" rel=\"tag\">Trucker-News<\/a> | <a href=\"https:\/\/www.xxlkw-parking.de\/hu\/category\/unkategorisiert-hu\/\" class=\"category-link-unkategorisiert-hu\" rel=\"tag\">Unkategorisiert<\/a>\t\t<\/span>\n\t<\/div><!-- .entry-taxonomies -->\n\t<h2 class=\"entry-title\"><a href=\"https:\/\/www.xxlkw-parking.de\/hu\/nagyszeru-hir-minden-teherauto-vezetonek-itt-az-5-euros-utalvany\/\" rel=\"bookmark\">Nagyszer\u0171 h\u00edr minden teheraut\u00f3-vezet\u0151nek: itt az 5 eur\u00f3s utalv\u00e1ny!<\/a><\/h2>\t<div class=\"entry-meta entry-meta-divider-dot\">\n\t\t\t\t<span class=\"posted-on\">\n\t\t\t\t<time class=\"entry-date published\" datetime=\"2024-09-03T20:46:50+02:00\">2024.09.03.<\/time><time class=\"updated\" datetime=\"2024-09-11T20:05:49+02:00\">2024.09.11.<\/time>\t\t\t<\/span>\n\t\t\t\t<\/div><!-- .entry-meta -->\n\t<\/header><!-- .entry-header -->\n\t<div class=\"entry-summary\">\n\t\t<p>Kedves teheraut\u00f3-vezet\u0151k! Sok k\u00e9r\u00e9s \u00e9s javaslat ut\u00e1n \u00f6r\u00f6mmel jelenthet\u00fcnk be n\u00e9h\u00e1ny nagyszer\u0171 h\u00edrt: Az \u00faj 5 eur\u00f3s utalv\u00e1nyunk a Vockerode-i XXLKW biztons\u00e1gi parkol\u00f3ban tal\u00e1lhat\u00f3 \u00fczlet\u00fcnkbe v\u00e9gre el\u00e9rhet\u0151! \ud83d\ude9b\ud83d\udca8 Tudjuk, milyen kih\u00edv\u00e1st jelenthet a mindennapi munka az utakon, \u00e9s szeretn\u00e9nk a lehet\u0151 legkellemesebb\u00e9 tenni a sz\u00fcneteket. Ez\u00e9rt vezett\u00fcnk be egy k\u00fcl\u00f6nleges utalv\u00e1nyt az \u00d6n sz\u00e1m\u00e1ra. Mostant\u00f3l&#8230;<\/p>\n\t<\/div><!-- .entry-summary -->\n\t<footer class=\"entry-footer\">\n\t\t\t<div class=\"entry-actions\">\n\t\t\t<p class=\"more-link-wrap\">\n\t\t\t\t<a href=\"https:\/\/www.xxlkw-parking.de\/hu\/nagyszeru-hir-minden-teherauto-vezetonek-itt-az-5-euros-utalvany\/\" class=\"post-more-link\">\n\t\t\t\t\tRead More<span class=\"screen-reader-text\"> Nagyszer\u0171 h\u00edr minden teheraut\u00f3-vezet\u0151nek: itt az 5 eur\u00f3s utalv\u00e1ny!<\/span><span class=\"kadence-svg-iconset svg-baseline\"><svg aria-hidden=\"true\" class=\"kadence-svg-icon kadence-arrow-right-alt-svg\" fill=\"currentColor\" version=\"1.1\" xmlns=\"http:\/\/www.w3.org\/2000\/svg\" width=\"27\" height=\"28\" viewBox=\"0 0 27 28\"><title>Continue<\/title><path d=\"M27 13.953c0 0.141-0.063 0.281-0.156 0.375l-6 5.531c-0.156 0.141-0.359 0.172-0.547 0.094-0.172-0.078-0.297-0.25-0.297-0.453v-3.5h-19.5c-0.281 0-0.5-0.219-0.5-0.5v-3c0-0.281 0.219-0.5 0.5-0.5h19.5v-3.5c0-0.203 0.109-0.375 0.297-0.453s0.391-0.047 0.547 0.078l6 5.469c0.094 0.094 0.156 0.219 0.156 0.359v0z\"><\/path>\n\t\t\t<\/svg><\/span>\t\t\t\t<\/a>\n\t\t\t<\/p>\n\t\t<\/div><!-- .entry-actions -->\n\t\t<\/footer><!-- .entry-footer -->\t\t<\/div>\n\t<\/article>\n<\/li>\n<\/ul><\/div><\/div>\n\n<\/div><\/div>","protected":false},"excerpt":{"rendered":"<p>TRUCKER H\u00cdREK<\/p>\n","protected":false},"author":1,"featured_media":0,"parent":0,"menu_order":0,"comment_status":"closed","ping_status":"closed","template":"","meta":{"_kad_blocks_custom_css":"","_kad_blocks_head_custom_js":"","_kad_blocks_body_custom_js":"","_kad_blocks_footer_custom_js":"","_kad_post_transparent":"","_kad_post_title":"","_kad_post_layout":"","_kad_post_sidebar_id":"","_kad_post_content_style":"","_kad_post_vertical_padding":"","_kad_post_feature":"","_kad_post_feature_position":"","_kad_post_header":false,"_kad_post_footer":false,"footnotes":""},"class_list":["post-15609","page","type-page","status-publish","hentry"],"yoast_head":"<!-- This site is optimized with the Yoast SEO plugin v27.3 - https:\/\/yoast.com\/product\/yoast-seo-wordpress\/ -->\n<title>Kamionos h\u00edrek - XXLKW Secure Parking Elbebr\u00fccke A9<\/title>\n<meta name=\"robots\" content=\"index, follow, max-snippet:-1, max-image-preview:large, max-video-preview:-1\" \/>\n<link rel=\"canonical\" href=\"https:\/\/www.xxlkw-parking.de\/hu\/kamionos-hirek\/\" \/>\n<meta property=\"og:locale\" content=\"hu_HU\" \/>\n<meta property=\"og:type\" content=\"article\" \/>\n<meta property=\"og:title\" content=\"Kamionos h\u00edrek - XXLKW Secure Parking Elbebr\u00fccke A9\" \/>\n<meta property=\"og:description\" content=\"TRUCKER H\u00cdREK\" \/>\n<meta property=\"og:url\" content=\"https:\/\/www.xxlkw-parking.de\/hu\/kamionos-hirek\/\" \/>\n<meta property=\"og:site_name\" content=\"XXLKW Secure Parking Elbebr\u00fccke A9\" \/>\n<meta property=\"article:modified_time\" content=\"2024-09-11T17:08:20+00:00\" \/>\n<meta name=\"twitter:card\" content=\"summary_large_image\" \/>\n<script type=\"application\/ld+json\" class=\"yoast-schema-graph\">{\"@context\":\"https:\\\/\\\/schema.org\",\"@graph\":[{\"@type\":\"WebPage\",\"@id\":\"https:\\\/\\\/www.xxlkw-parking.de\\\/hu\\\/kamionos-hirek\\\/\",\"url\":\"https:\\\/\\\/www.xxlkw-parking.de\\\/hu\\\/kamionos-hirek\\\/\",\"name\":\"Kamionos h\u00edrek - XXLKW Secure Parking Elbebr\u00fccke A9\",\"isPartOf\":{\"@id\":\"https:\\\/\\\/www.xxlkw-parking.de\\\/hu\\\/#website\"},\"datePublished\":\"2024-09-03T18:50:06+00:00\",\"dateModified\":\"2024-09-11T17:08:20+00:00\",\"breadcrumb\":{\"@id\":\"https:\\\/\\\/www.xxlkw-parking.de\\\/hu\\\/kamionos-hirek\\\/#breadcrumb\"},\"inLanguage\":\"hu\",\"potentialAction\":[{\"@type\":\"ReadAction\",\"target\":[\"https:\\\/\\\/www.xxlkw-parking.de\\\/hu\\\/kamionos-hirek\\\/\"]}]},{\"@type\":\"BreadcrumbList\",\"@id\":\"https:\\\/\\\/www.xxlkw-parking.de\\\/hu\\\/kamionos-hirek\\\/#breadcrumb\",\"itemListElement\":[{\"@type\":\"ListItem\",\"position\":1,\"name\":\"Startseite\",\"item\":\"https:\\\/\\\/www.xxlkw-parking.de\\\/hu\\\/\"},{\"@type\":\"ListItem\",\"position\":2,\"name\":\"Kamionos h\u00edrek\"}]},{\"@type\":\"WebSite\",\"@id\":\"https:\\\/\\\/www.xxlkw-parking.de\\\/hu\\\/#website\",\"url\":\"https:\\\/\\\/www.xxlkw-parking.de\\\/hu\\\/\",\"name\":\"XXLKW Secure Parking Elbebr\u00fccke A9\",\"description\":\"LKW Parkplatz A9, Ausfahrt Vockerode\",\"publisher\":{\"@id\":\"https:\\\/\\\/www.xxlkw-parking.de\\\/hu\\\/#organization\"},\"potentialAction\":[{\"@type\":\"SearchAction\",\"target\":{\"@type\":\"EntryPoint\",\"urlTemplate\":\"https:\\\/\\\/www.xxlkw-parking.de\\\/hu\\\/?s={search_term_string}\"},\"query-input\":{\"@type\":\"PropertyValueSpecification\",\"valueRequired\":true,\"valueName\":\"search_term_string\"}}],\"inLanguage\":\"hu\"},{\"@type\":\"Organization\",\"@id\":\"https:\\\/\\\/www.xxlkw-parking.de\\\/hu\\\/#organization\",\"name\":\"XXLKW Secure Parking Elbebr\u00fccke A9\",\"url\":\"https:\\\/\\\/www.xxlkw-parking.de\\\/hu\\\/\",\"logo\":{\"@type\":\"ImageObject\",\"inLanguage\":\"hu\",\"@id\":\"https:\\\/\\\/www.xxlkw-parking.de\\\/hu\\\/#\\\/schema\\\/logo\\\/image\\\/\",\"url\":\"https:\\\/\\\/www.xxlkw-parking.de\\\/wp-content\\\/uploads\\\/2022\\\/10\\\/Logo-XXLKW.png\",\"contentUrl\":\"https:\\\/\\\/www.xxlkw-parking.de\\\/wp-content\\\/uploads\\\/2022\\\/10\\\/Logo-XXLKW.png\",\"width\":893,\"height\":346,\"caption\":\"XXLKW Secure Parking Elbebr\u00fccke A9\"},\"image\":{\"@id\":\"https:\\\/\\\/www.xxlkw-parking.de\\\/hu\\\/#\\\/schema\\\/logo\\\/image\\\/\"}}]}<\/script>\n<!-- \/ Yoast SEO plugin. -->","yoast_head_json":{"title":"Kamionos h\u00edrek - XXLKW Secure Parking Elbebr\u00fccke A9","robots":{"index":"index","follow":"follow","max-snippet":"max-snippet:-1","max-image-preview":"max-image-preview:large","max-video-preview":"max-video-preview:-1"},"canonical":"https:\/\/www.xxlkw-parking.de\/hu\/kamionos-hirek\/","og_locale":"hu_HU","og_type":"article","og_title":"Kamionos h\u00edrek - XXLKW Secure Parking Elbebr\u00fccke A9","og_description":"TRUCKER H\u00cdREK","og_url":"https:\/\/www.xxlkw-parking.de\/hu\/kamionos-hirek\/","og_site_name":"XXLKW Secure Parking Elbebr\u00fccke A9","article_modified_time":"2024-09-11T17:08:20+00:00","twitter_card":"summary_large_image","schema":{"@context":"https:\/\/schema.org","@graph":[{"@type":"WebPage","@id":"https:\/\/www.xxlkw-parking.de\/hu\/kamionos-hirek\/","url":"https:\/\/www.xxlkw-parking.de\/hu\/kamionos-hirek\/","name":"Kamionos h\u00edrek - XXLKW Secure Parking Elbebr\u00fccke A9","isPartOf":{"@id":"https:\/\/www.xxlkw-parking.de\/hu\/#website"},"datePublished":"2024-09-03T18:50:06+00:00","dateModified":"2024-09-11T17:08:20+00:00","breadcrumb":{"@id":"https:\/\/www.xxlkw-parking.de\/hu\/kamionos-hirek\/#breadcrumb"},"inLanguage":"hu","potentialAction":[{"@type":"ReadAction","target":["https:\/\/www.xxlkw-parking.de\/hu\/kamionos-hirek\/"]}]},{"@type":"BreadcrumbList","@id":"https:\/\/www.xxlkw-parking.de\/hu\/kamionos-hirek\/#breadcrumb","itemListElement":[{"@type":"ListItem","position":1,"name":"Startseite","item":"https:\/\/www.xxlkw-parking.de\/hu\/"},{"@type":"ListItem","position":2,"name":"Kamionos h\u00edrek"}]},{"@type":"WebSite","@id":"https:\/\/www.xxlkw-parking.de\/hu\/#website","url":"https:\/\/www.xxlkw-parking.de\/hu\/","name":"XXLKW Secure Parking Elbebr\u00fccke A9","description":"LKW Parkplatz A9, Ausfahrt Vockerode","publisher":{"@id":"https:\/\/www.xxlkw-parking.de\/hu\/#organization"},"potentialAction":[{"@type":"SearchAction","target":{"@type":"EntryPoint","urlTemplate":"https:\/\/www.xxlkw-parking.de\/hu\/?s={search_term_string}"},"query-input":{"@type":"PropertyValueSpecification","valueRequired":true,"valueName":"search_term_string"}}],"inLanguage":"hu"},{"@type":"Organization","@id":"https:\/\/www.xxlkw-parking.de\/hu\/#organization","name":"XXLKW Secure Parking Elbebr\u00fccke A9","url":"https:\/\/www.xxlkw-parking.de\/hu\/","logo":{"@type":"ImageObject","inLanguage":"hu","@id":"https:\/\/www.xxlkw-parking.de\/hu\/#\/schema\/logo\/image\/","url":"https:\/\/www.xxlkw-parking.de\/wp-content\/uploads\/2022\/10\/Logo-XXLKW.png","contentUrl":"https:\/\/www.xxlkw-parking.de\/wp-content\/uploads\/2022\/10\/Logo-XXLKW.png","width":893,"height":346,"caption":"XXLKW Secure Parking Elbebr\u00fccke A9"},"image":{"@id":"https:\/\/www.xxlkw-parking.de\/hu\/#\/schema\/logo\/image\/"}}]}},"taxonomy_info":[],"featured_image_src_large":false,"author_info":{"display_name":"linda","author_link":"https:\/\/www.xxlkw-parking.de\/hu\/author\/linda\/"},"comment_info":0,"_links":{"self":[{"href":"https:\/\/www.xxlkw-parking.de\/hu\/wp-json\/wp\/v2\/pages\/15609","targetHints":{"allow":["GET"]}}],"collection":[{"href":"https:\/\/www.xxlkw-parking.de\/hu\/wp-json\/wp\/v2\/pages"}],"about":[{"href":"https:\/\/www.xxlkw-parking.de\/hu\/wp-json\/wp\/v2\/types\/page"}],"author":[{"embeddable":true,"href":"https:\/\/www.xxlkw-parking.de\/hu\/wp-json\/wp\/v2\/users\/1"}],"replies":[{"embeddable":true,"href":"https:\/\/www.xxlkw-parking.de\/hu\/wp-json\/wp\/v2\/comments?post=15609"}],"version-history":[{"count":2,"href":"https:\/\/www.xxlkw-parking.de\/hu\/wp-json\/wp\/v2\/pages\/15609\/revisions"}],"predecessor-version":[{"id":15613,"href":"https:\/\/www.xxlkw-parking.de\/hu\/wp-json\/wp\/v2\/pages\/15609\/revisions\/15613"}],"wp:attachment":[{"href":"https:\/\/www.xxlkw-parking.de\/hu\/wp-json\/wp\/v2\/media?parent=15609"}],"curies":[{"name":"wp","href":"https:\/\/api.w.org\/{rel}","templated":true}]}}