{"id":2454,"date":"2022-10-21T14:25:06","date_gmt":"2022-10-21T12:25:06","guid":{"rendered":"https:\/\/www.xxlkw-parking.de\/impresszum\/"},"modified":"2022-12-23T15:59:41","modified_gmt":"2022-12-23T14:59:41","slug":"impresszum","status":"publish","type":"page","link":"https:\/\/www.xxlkw-parking.de\/hu\/impresszum\/","title":{"rendered":"Impresszum"},"content":{"rendered":"\n<div style=\"height:100px\" aria-hidden=\"true\" class=\"wp-block-spacer\"><\/div>\n\n\n\n<div class=\"wp-block-columns is-layout-flex wp-container-core-columns-is-layout-9d6595d7 wp-block-columns-is-layout-flex\">\n<div class=\"wp-block-column breite is-layout-flow wp-block-column-is-layout-flow\">\n<div class=\"wp-block-group\"><div class=\"wp-block-group__inner-container is-layout-flow wp-block-group-is-layout-flow\">\n<h2 class=\"has-text-align-left wp-block-heading\">Impresszum<\/h2>\n\n\n\n<p class=\"has-text-align-left\"><strong>A TMG 5. \u00a7-a szerinti t\u00e1j\u00e9koztat\u00e1s<\/strong><br><br>XXLKW Secure Parking Elbebr\u00fccke GmbH<br>Raiffeisenallee 6a<br>82041 Oberhaching<\/p>\n\n\n\n<p class=\"has-text-align-left\">Telefon: <a href=\"tel:\/\/+49%2089%20665197%20-%200\">+49 89 665197 &#8211; 0<\/a><br>Fax: <a href=\"tel:\/\/+49%2089%20665197%20-%2070\">+49 89 665197 &#8211; 70<\/a><br><\/p>\n\n\n\n<p><strong>K\u00e9pviseli<\/strong><br>\u00dcgyvezet\u0151 igazgat\u00f3: Gerhard Hauptstein<br>Bejegyezve a m\u00fcncheni helyi b\u00edr\u00f3s\u00e1gon, HRB 197928<\/p>\n<\/div><\/div>\n\n\n\n<p><strong>A k\u00e9p szerz\u0151i jog\u00e1ra vonatkoz\u00f3 \u00e9rtes\u00edt\u00e9s<\/strong><br>Dr\u00f3nk\u00e9p: <strong>\u00a9<\/strong> Enrico Reglin<br>Teheraut\u00f3s fick\u00f3: <strong>\u00a9<\/strong> littlewolf1989\/stock.adobe.com<br><br><strong>Web design &amp; programoz\u00e1s<\/strong><br><a href=\"https:\/\/www.mabeny.de\" target=\"_blank\" rel=\"noreferrer noopener\">www.mabeny<\/a><a href=\"https:\/\/www.mabeny.de\">.de<\/a><\/p>\n\n\n\n<div class=\"wp-block-group\"><div class=\"wp-block-group__inner-container is-layout-flow wp-block-group-is-layout-flow\">\n<p><\/p>\n\n\n\n<div style=\"height:80px\" aria-hidden=\"true\" class=\"wp-block-spacer\"><\/div>\n<\/div><\/div>\n<\/div>\n<\/div>\n","protected":false},"excerpt":{"rendered":"<p>Impresszum A TMG 5. \u00a7-a szerinti t\u00e1j\u00e9koztat\u00e1s XXLKW Secure Parking Elbebr\u00fccke GmbHRaiffeisenallee 6a82041 Oberhaching Telefon: +49 89 665197 &#8211; 0Fax: +49 89 665197 &#8211; 70 K\u00e9pviseli\u00dcgyvezet\u0151 igazgat\u00f3: Gerhard HauptsteinBejegyezve a m\u00fcncheni helyi b\u00edr\u00f3s\u00e1gon, HRB 197928 A k\u00e9p szerz\u0151i jog\u00e1ra vonatkoz\u00f3 \u00e9rtes\u00edt\u00e9sDr\u00f3nk\u00e9p: \u00a9 Enrico ReglinTeheraut\u00f3s fick\u00f3: \u00a9 littlewolf1989\/stock.adobe.com Web design &amp; programoz\u00e1swww.mabeny.de<\/p>\n","protected":false},"author":1,"featured_media":0,"parent":0,"menu_order":0,"comment_status":"closed","ping_status":"closed","template":"","meta":{"_kad_blocks_custom_css":"","_kad_blocks_head_custom_js":"","_kad_blocks_body_custom_js":"","_kad_blocks_footer_custom_js":"","_kad_post_transparent":"","_kad_post_title":"","_kad_post_layout":"","_kad_post_sidebar_id":"","_kad_post_content_style":"","_kad_post_vertical_padding":"","_kad_post_feature":"","_kad_post_feature_position":"","_kad_post_header":false,"_kad_post_footer":false,"footnotes":""},"class_list":["post-2454","page","type-page","status-publish","hentry"],"yoast_head":"<!-- This site is optimized with the Yoast SEO plugin v27.3 - https:\/\/yoast.com\/product\/yoast-seo-wordpress\/ -->\n<title>Impresszum - XXLKW Secure Parking Elbebr\u00fccke A9<\/title>\n<meta name=\"robots\" content=\"noindex, nofollow\" \/>\n<meta property=\"og:locale\" content=\"hu_HU\" \/>\n<meta property=\"og:type\" content=\"article\" \/>\n<meta property=\"og:title\" content=\"Impresszum - XXLKW Secure Parking Elbebr\u00fccke A9\" \/>\n<meta property=\"og:description\" content=\"Impresszum A TMG 5. \u00a7-a szerinti t\u00e1j\u00e9koztat\u00e1s XXLKW Secure Parking Elbebr\u00fccke GmbHRaiffeisenallee 6a82041 Oberhaching Telefon: +49 89 665197 &#8211; 0Fax: +49 89 665197 &#8211; 70 K\u00e9pviseli\u00dcgyvezet\u0151 igazgat\u00f3: Gerhard HauptsteinBejegyezve a m\u00fcncheni helyi b\u00edr\u00f3s\u00e1gon, HRB 197928 A k\u00e9p szerz\u0151i jog\u00e1ra vonatkoz\u00f3 \u00e9rtes\u00edt\u00e9sDr\u00f3nk\u00e9p: \u00a9 Enrico ReglinTeheraut\u00f3s fick\u00f3: \u00a9 littlewolf1989\/stock.adobe.com Web design &amp; programoz\u00e1swww.mabeny.de\" \/>\n<meta property=\"og:url\" content=\"https:\/\/www.xxlkw-parking.de\/hu\/impresszum\/\" \/>\n<meta property=\"og:site_name\" content=\"XXLKW Secure Parking Elbebr\u00fccke A9\" \/>\n<meta property=\"article:modified_time\" content=\"2022-12-23T14:59:41+00:00\" \/>\n<meta name=\"twitter:card\" content=\"summary_large_image\" \/>\n<meta name=\"twitter:label1\" content=\"Becs\u00fclt olvas\u00e1si id\u0151\" \/>\n\t<meta name=\"twitter:data1\" content=\"1 perc\" \/>\n<script type=\"application\/ld+json\" class=\"yoast-schema-graph\">{\"@context\":\"https:\\\/\\\/schema.org\",\"@graph\":[{\"@type\":\"WebPage\",\"@id\":\"https:\\\/\\\/www.xxlkw-parking.de\\\/hu\\\/impresszum\\\/\",\"url\":\"https:\\\/\\\/www.xxlkw-parking.de\\\/hu\\\/impresszum\\\/\",\"name\":\"Impresszum - XXLKW Secure Parking Elbebr\u00fccke A9\",\"isPartOf\":{\"@id\":\"https:\\\/\\\/www.xxlkw-parking.de\\\/hu\\\/#website\"},\"datePublished\":\"2022-10-21T12:25:06+00:00\",\"dateModified\":\"2022-12-23T14:59:41+00:00\",\"breadcrumb\":{\"@id\":\"https:\\\/\\\/www.xxlkw-parking.de\\\/hu\\\/impresszum\\\/#breadcrumb\"},\"inLanguage\":\"hu\",\"potentialAction\":[{\"@type\":\"ReadAction\",\"target\":[\"https:\\\/\\\/www.xxlkw-parking.de\\\/hu\\\/impresszum\\\/\"]}]},{\"@type\":\"BreadcrumbList\",\"@id\":\"https:\\\/\\\/www.xxlkw-parking.de\\\/hu\\\/impresszum\\\/#breadcrumb\",\"itemListElement\":[{\"@type\":\"ListItem\",\"position\":1,\"name\":\"Startseite\",\"item\":\"https:\\\/\\\/www.xxlkw-parking.de\\\/hu\\\/\"},{\"@type\":\"ListItem\",\"position\":2,\"name\":\"Impresszum\"}]},{\"@type\":\"WebSite\",\"@id\":\"https:\\\/\\\/www.xxlkw-parking.de\\\/hu\\\/#website\",\"url\":\"https:\\\/\\\/www.xxlkw-parking.de\\\/hu\\\/\",\"name\":\"XXLKW Secure Parking Elbebr\u00fccke A9\",\"description\":\"LKW Parkplatz A9, Ausfahrt Vockerode\",\"publisher\":{\"@id\":\"https:\\\/\\\/www.xxlkw-parking.de\\\/hu\\\/#organization\"},\"potentialAction\":[{\"@type\":\"SearchAction\",\"target\":{\"@type\":\"EntryPoint\",\"urlTemplate\":\"https:\\\/\\\/www.xxlkw-parking.de\\\/hu\\\/?s={search_term_string}\"},\"query-input\":{\"@type\":\"PropertyValueSpecification\",\"valueRequired\":true,\"valueName\":\"search_term_string\"}}],\"inLanguage\":\"hu\"},{\"@type\":\"Organization\",\"@id\":\"https:\\\/\\\/www.xxlkw-parking.de\\\/hu\\\/#organization\",\"name\":\"XXLKW Secure Parking Elbebr\u00fccke A9\",\"url\":\"https:\\\/\\\/www.xxlkw-parking.de\\\/hu\\\/\",\"logo\":{\"@type\":\"ImageObject\",\"inLanguage\":\"hu\",\"@id\":\"https:\\\/\\\/www.xxlkw-parking.de\\\/hu\\\/#\\\/schema\\\/logo\\\/image\\\/\",\"url\":\"https:\\\/\\\/www.xxlkw-parking.de\\\/wp-content\\\/uploads\\\/2022\\\/10\\\/Logo-XXLKW.png\",\"contentUrl\":\"https:\\\/\\\/www.xxlkw-parking.de\\\/wp-content\\\/uploads\\\/2022\\\/10\\\/Logo-XXLKW.png\",\"width\":893,\"height\":346,\"caption\":\"XXLKW Secure Parking Elbebr\u00fccke A9\"},\"image\":{\"@id\":\"https:\\\/\\\/www.xxlkw-parking.de\\\/hu\\\/#\\\/schema\\\/logo\\\/image\\\/\"}}]}<\/script>\n<!-- \/ Yoast SEO plugin. -->","yoast_head_json":{"title":"Impresszum - XXLKW Secure Parking Elbebr\u00fccke A9","robots":{"index":"noindex","follow":"nofollow"},"og_locale":"hu_HU","og_type":"article","og_title":"Impresszum - XXLKW Secure Parking Elbebr\u00fccke A9","og_description":"Impresszum A TMG 5. \u00a7-a szerinti t\u00e1j\u00e9koztat\u00e1s XXLKW Secure Parking Elbebr\u00fccke GmbHRaiffeisenallee 6a82041 Oberhaching Telefon: +49 89 665197 &#8211; 0Fax: +49 89 665197 &#8211; 70 K\u00e9pviseli\u00dcgyvezet\u0151 igazgat\u00f3: Gerhard HauptsteinBejegyezve a m\u00fcncheni helyi b\u00edr\u00f3s\u00e1gon, HRB 197928 A k\u00e9p szerz\u0151i jog\u00e1ra vonatkoz\u00f3 \u00e9rtes\u00edt\u00e9sDr\u00f3nk\u00e9p: \u00a9 Enrico ReglinTeheraut\u00f3s fick\u00f3: \u00a9 littlewolf1989\/stock.adobe.com Web design &amp; programoz\u00e1swww.mabeny.de","og_url":"https:\/\/www.xxlkw-parking.de\/hu\/impresszum\/","og_site_name":"XXLKW Secure Parking Elbebr\u00fccke A9","article_modified_time":"2022-12-23T14:59:41+00:00","twitter_card":"summary_large_image","twitter_misc":{"Becs\u00fclt olvas\u00e1si id\u0151":"1 perc"},"schema":{"@context":"https:\/\/schema.org","@graph":[{"@type":"WebPage","@id":"https:\/\/www.xxlkw-parking.de\/hu\/impresszum\/","url":"https:\/\/www.xxlkw-parking.de\/hu\/impresszum\/","name":"Impresszum - XXLKW Secure Parking Elbebr\u00fccke A9","isPartOf":{"@id":"https:\/\/www.xxlkw-parking.de\/hu\/#website"},"datePublished":"2022-10-21T12:25:06+00:00","dateModified":"2022-12-23T14:59:41+00:00","breadcrumb":{"@id":"https:\/\/www.xxlkw-parking.de\/hu\/impresszum\/#breadcrumb"},"inLanguage":"hu","potentialAction":[{"@type":"ReadAction","target":["https:\/\/www.xxlkw-parking.de\/hu\/impresszum\/"]}]},{"@type":"BreadcrumbList","@id":"https:\/\/www.xxlkw-parking.de\/hu\/impresszum\/#breadcrumb","itemListElement":[{"@type":"ListItem","position":1,"name":"Startseite","item":"https:\/\/www.xxlkw-parking.de\/hu\/"},{"@type":"ListItem","position":2,"name":"Impresszum"}]},{"@type":"WebSite","@id":"https:\/\/www.xxlkw-parking.de\/hu\/#website","url":"https:\/\/www.xxlkw-parking.de\/hu\/","name":"XXLKW Secure Parking Elbebr\u00fccke A9","description":"LKW Parkplatz A9, Ausfahrt Vockerode","publisher":{"@id":"https:\/\/www.xxlkw-parking.de\/hu\/#organization"},"potentialAction":[{"@type":"SearchAction","target":{"@type":"EntryPoint","urlTemplate":"https:\/\/www.xxlkw-parking.de\/hu\/?s={search_term_string}"},"query-input":{"@type":"PropertyValueSpecification","valueRequired":true,"valueName":"search_term_string"}}],"inLanguage":"hu"},{"@type":"Organization","@id":"https:\/\/www.xxlkw-parking.de\/hu\/#organization","name":"XXLKW Secure Parking Elbebr\u00fccke A9","url":"https:\/\/www.xxlkw-parking.de\/hu\/","logo":{"@type":"ImageObject","inLanguage":"hu","@id":"https:\/\/www.xxlkw-parking.de\/hu\/#\/schema\/logo\/image\/","url":"https:\/\/www.xxlkw-parking.de\/wp-content\/uploads\/2022\/10\/Logo-XXLKW.png","contentUrl":"https:\/\/www.xxlkw-parking.de\/wp-content\/uploads\/2022\/10\/Logo-XXLKW.png","width":893,"height":346,"caption":"XXLKW Secure Parking Elbebr\u00fccke A9"},"image":{"@id":"https:\/\/www.xxlkw-parking.de\/hu\/#\/schema\/logo\/image\/"}}]}},"taxonomy_info":[],"featured_image_src_large":false,"author_info":{"display_name":"linda","author_link":"https:\/\/www.xxlkw-parking.de\/hu\/author\/linda\/"},"comment_info":0,"_links":{"self":[{"href":"https:\/\/www.xxlkw-parking.de\/hu\/wp-json\/wp\/v2\/pages\/2454","targetHints":{"allow":["GET"]}}],"collection":[{"href":"https:\/\/www.xxlkw-parking.de\/hu\/wp-json\/wp\/v2\/pages"}],"about":[{"href":"https:\/\/www.xxlkw-parking.de\/hu\/wp-json\/wp\/v2\/types\/page"}],"author":[{"embeddable":true,"href":"https:\/\/www.xxlkw-parking.de\/hu\/wp-json\/wp\/v2\/users\/1"}],"replies":[{"embeddable":true,"href":"https:\/\/www.xxlkw-parking.de\/hu\/wp-json\/wp\/v2\/comments?post=2454"}],"version-history":[{"count":3,"href":"https:\/\/www.xxlkw-parking.de\/hu\/wp-json\/wp\/v2\/pages\/2454\/revisions"}],"predecessor-version":[{"id":2925,"href":"https:\/\/www.xxlkw-parking.de\/hu\/wp-json\/wp\/v2\/pages\/2454\/revisions\/2925"}],"wp:attachment":[{"href":"https:\/\/www.xxlkw-parking.de\/hu\/wp-json\/wp\/v2\/media?parent=2454"}],"curies":[{"name":"wp","href":"https:\/\/api.w.org\/{rel}","templated":true}]}}