{"id":15604,"date":"2024-09-03T20:50:06","date_gmt":"2024-09-03T18:50:06","guid":{"rendered":"https:\/\/www.xxlkw-parking.de\/trucker-nieuws\/"},"modified":"2024-09-11T19:08:19","modified_gmt":"2024-09-11T17:08:19","slug":"trucker-nieuws","status":"publish","type":"page","link":"https:\/\/www.xxlkw-parking.de\/nl\/trucker-nieuws\/","title":{"rendered":"Trucker Nieuws"},"content":{"rendered":"<style>.kb-row-layout-id15413_190a27-61 > .kt-row-column-wrap{align-content:start;}:where(.kb-row-layout-id15413_190a27-61 > .kt-row-column-wrap) > .wp-block-kadence-column{justify-content:start;}.kb-row-layout-id15413_190a27-61 > .kt-row-column-wrap{column-gap:var(--global-kb-gap-md, 2rem);row-gap:var(--global-kb-gap-md, 2rem);padding-top:var(--global-kb-spacing-sm, 1.5rem);padding-bottom:var(--global-kb-spacing-sm, 1.5rem);grid-template-columns:minmax(0, 1fr);}.kb-row-layout-id15413_190a27-61 > .kt-row-layout-overlay{opacity:0.30;}@media all and (max-width: 1024px){.kb-row-layout-id15413_190a27-61 > .kt-row-column-wrap{grid-template-columns:minmax(0, 1fr);}}@media all and (max-width: 767px){.kb-row-layout-id15413_190a27-61 > .kt-row-column-wrap{grid-template-columns:minmax(0, 1fr);}}<\/style><div class=\"kb-row-layout-wrap kb-row-layout-id15413_190a27-61 alignnone breite wp-block-kadence-rowlayout\"><div class=\"kt-row-column-wrap kt-has-1-columns kt-row-layout-equal kt-tab-layout-inherit kt-mobile-layout-row kt-row-valign-top\">\n<style>.kadence-column15413_d64c82-65 > .kt-inside-inner-col,.kadence-column15413_d64c82-65 > .kt-inside-inner-col:before{border-top-left-radius:0px;border-top-right-radius:0px;border-bottom-right-radius:0px;border-bottom-left-radius:0px;}.kadence-column15413_d64c82-65 > .kt-inside-inner-col{column-gap:var(--global-kb-gap-sm, 1rem);}.kadence-column15413_d64c82-65 > .kt-inside-inner-col{flex-direction:column;}.kadence-column15413_d64c82-65 > .kt-inside-inner-col > .aligncenter{width:100%;}.kadence-column15413_d64c82-65 > .kt-inside-inner-col:before{opacity:0.3;}.kadence-column15413_d64c82-65{position:relative;}@media all and (max-width: 1024px){.kadence-column15413_d64c82-65 > .kt-inside-inner-col{flex-direction:column;justify-content:center;}}@media all and (max-width: 767px){.kadence-column15413_d64c82-65 > .kt-inside-inner-col{flex-direction:column;justify-content:center;}}<\/style>\n<div class=\"wp-block-kadence-column kadence-column15413_d64c82-65\"><div class=\"kt-inside-inner-col\">\n<h1 class=\"wp-block-heading has-text-align-center neww\">TRUCKERS NIEUWS<\/h1>\n\n\n<style>.kb-posts-id-15413_af73a6-a9 .kb-post-list-item{display:grid;}<\/style><ul class=\"wp-block-kadence-posts kb-posts kadence-posts-list kb-posts-id-15413_af73a6-a9 content-wrap grid-cols kb-posts-style-boxed grid-sm-col-2 grid-lg-col-2 item-image-style-above\"><li class=\"kb-post-list-item\">\n\t<article class=\"entry content-bg loop-entry post-15588 post type-post status-publish format-standard has-post-thumbnail hentry category-geen-onderdeel-van-een-categorie category-trucker-news-nl\">\n\t\t\t\t<a aria-hidden=\"true\" tabindex=\"-1\" role=\"presentation\" class=\"post-thumbnail kadence-thumbnail-ratio-2-3\" href=\"https:\/\/www.xxlkw-parking.de\/nl\/xxlkw-parking-als-partner-op-de-100-ceos-conferentie-in-warschau\/\" aria-label=\"XXLKW Parking als partner op de 100 CEO&#8217;s conferentie in Warschau\">\n\t\t\t<div class=\"post-thumbnail-inner\">\n\t\t\t\t<img decoding=\"async\" width=\"768\" height=\"402\" src=\"https:\/\/www.xxlkw-parking.de\/wp-content\/uploads\/2024\/09\/1200x628_CEO_xxlKW-768x402.jpg\" class=\"attachment-medium_large size-medium_large wp-post-image\" alt=\"XXLKW Parking als Partner auf der 100 CEOs Conference in Warschau\" \/>\t\t\t<\/div>\n\t\t<\/a><!-- .post-thumbnail -->\n\t\t\t\t<div class=\"entry-content-wrap\">\n\t\t\t<header class=\"entry-header\">\n\t\t<div class=\"entry-taxonomies\">\n\t\t<span class=\"category-links term-links category-style-normal\">\n\t\t\t<a href=\"https:\/\/www.xxlkw-parking.de\/nl\/category\/geen-onderdeel-van-een-categorie\/\" class=\"category-link-geen-onderdeel-van-een-categorie\" rel=\"tag\">Geen onderdeel van een categorie<\/a> | <a href=\"https:\/\/www.xxlkw-parking.de\/nl\/category\/trucker-news-nl\/\" class=\"category-link-trucker-news-nl\" rel=\"tag\">Trucker-News<\/a>\t\t<\/span>\n\t<\/div><!-- .entry-taxonomies -->\n\t<h2 class=\"entry-title\"><a href=\"https:\/\/www.xxlkw-parking.de\/nl\/xxlkw-parking-als-partner-op-de-100-ceos-conferentie-in-warschau\/\" rel=\"bookmark\">XXLKW Parking als partner op de 100 CEO&#8217;s conferentie in Warschau<\/a><\/h2>\t<div class=\"entry-meta entry-meta-divider-dot\">\n\t\t\t\t<span class=\"posted-on\">\n\t\t\t\t<time class=\"entry-date published\" datetime=\"2024-09-11T18:16:01+02:00\">11 september 2024<\/time><time class=\"updated\" datetime=\"2024-09-11T18:49:48+02:00\">11 september 2024<\/time>\t\t\t<\/span>\n\t\t\t\t<\/div><!-- .entry-meta -->\n\t<\/header><!-- .entry-header -->\n\t<div class=\"entry-summary\">\n\t\t<p>Deze week hebben we spannend nieuws! XXLKW Secure Parking Elbebr\u00fccke GmbH is er trots op partner te zijn op de 100 CEO&#8217;s Conference in Warschau: Transport &amp; Logistics 100 CEO&#8217;s Conference | 12 September | WARSAW (transport-manager.pl). Dit belangrijke evenement brengt de leidende geesten van de transport- en logistieke industrie samen om de toekomst van&#8230;<\/p>\n\t<\/div><!-- .entry-summary -->\n\t<footer class=\"entry-footer\">\n\t\t\t<div class=\"entry-actions\">\n\t\t\t<p class=\"more-link-wrap\">\n\t\t\t\t<a href=\"https:\/\/www.xxlkw-parking.de\/nl\/xxlkw-parking-als-partner-op-de-100-ceos-conferentie-in-warschau\/\" class=\"post-more-link\">\n\t\t\t\t\tLees meer<span class=\"screen-reader-text\"> XXLKW Parking als partner op de 100 CEO&#8217;s conferentie in Warschau<\/span><span class=\"kadence-svg-iconset svg-baseline\"><svg aria-hidden=\"true\" class=\"kadence-svg-icon kadence-arrow-right-alt-svg\" fill=\"currentColor\" version=\"1.1\" xmlns=\"http:\/\/www.w3.org\/2000\/svg\" width=\"27\" height=\"28\" viewBox=\"0 0 27 28\"><title>Verder gaan<\/title><path d=\"M27 13.953c0 0.141-0.063 0.281-0.156 0.375l-6 5.531c-0.156 0.141-0.359 0.172-0.547 0.094-0.172-0.078-0.297-0.25-0.297-0.453v-3.5h-19.5c-0.281 0-0.5-0.219-0.5-0.5v-3c0-0.281 0.219-0.5 0.5-0.5h19.5v-3.5c0-0.203 0.109-0.375 0.297-0.453s0.391-0.047 0.547 0.078l6 5.469c0.094 0.094 0.156 0.219 0.156 0.359v0z\"><\/path>\n\t\t\t<\/svg><\/span>\t\t\t\t<\/a>\n\t\t\t<\/p>\n\t\t<\/div><!-- .entry-actions -->\n\t\t<\/footer><!-- .entry-footer -->\t\t<\/div>\n\t<\/article>\n<\/li>\n<li class=\"kb-post-list-item\">\n\t<article class=\"entry content-bg loop-entry post-15722 post type-post status-publish format-standard has-post-thumbnail hentry category-geen-onderdeel-van-een-categorie category-trucker-news-nl\">\n\t\t\t\t<a aria-hidden=\"true\" tabindex=\"-1\" role=\"presentation\" class=\"post-thumbnail kadence-thumbnail-ratio-2-3\" href=\"https:\/\/www.xxlkw-parking.de\/nl\/goed-nieuws-voor-alle-vrachtwagenchauffeurs-de-voucher-van-e5-is-er\/\" aria-label=\"Goed nieuws voor alle vrachtwagenchauffeurs: de voucher van \u20ac5 is er!\">\n\t\t\t<div class=\"post-thumbnail-inner\">\n\t\t\t\t<img decoding=\"async\" width=\"768\" height=\"768\" src=\"https:\/\/www.xxlkw-parking.de\/wp-content\/uploads\/2024\/09\/Bild-Voucher-Beitrag-Trucker-im-Shop-768x768.jpg\" class=\"attachment-medium_large size-medium_large wp-post-image\" alt=\"Trucker im Shop von XXLKW Secure Parking Elbebr\u00fccke. Er h\u00e4lt ein Parkticket in den H\u00e4nden w\u00e4hrend er am Tisch sitzt.\" \/>\t\t\t<\/div>\n\t\t<\/a><!-- .post-thumbnail -->\n\t\t\t\t<div class=\"entry-content-wrap\">\n\t\t\t<header class=\"entry-header\">\n\t\t<div class=\"entry-taxonomies\">\n\t\t<span class=\"category-links term-links category-style-normal\">\n\t\t\t<a href=\"https:\/\/www.xxlkw-parking.de\/nl\/category\/geen-onderdeel-van-een-categorie\/\" class=\"category-link-geen-onderdeel-van-een-categorie\" rel=\"tag\">Geen onderdeel van een categorie<\/a> | <a href=\"https:\/\/www.xxlkw-parking.de\/nl\/category\/trucker-news-nl\/\" class=\"category-link-trucker-news-nl\" rel=\"tag\">Trucker-News<\/a>\t\t<\/span>\n\t<\/div><!-- .entry-taxonomies -->\n\t<h2 class=\"entry-title\"><a href=\"https:\/\/www.xxlkw-parking.de\/nl\/goed-nieuws-voor-alle-vrachtwagenchauffeurs-de-voucher-van-e5-is-er\/\" rel=\"bookmark\">Goed nieuws voor alle vrachtwagenchauffeurs: de voucher van \u20ac5 is er!<\/a><\/h2>\t<div class=\"entry-meta entry-meta-divider-dot\">\n\t\t\t\t<span class=\"posted-on\">\n\t\t\t\t<time class=\"entry-date published\" datetime=\"2024-09-03T20:46:50+02:00\">3 september 2024<\/time><time class=\"updated\" datetime=\"2024-09-11T20:05:47+02:00\">11 september 2024<\/time>\t\t\t<\/span>\n\t\t\t\t<\/div><!-- .entry-meta -->\n\t<\/header><!-- .entry-header -->\n\t<div class=\"entry-summary\">\n\t\t<p>Beste vrachtwagenchauffeurs, Na veel verzoeken en suggesties zijn we verheugd jullie geweldig nieuws te kunnen presenteren: Onze nieuwe \u20ac5 waardebon voor onze winkel in de XXLKW beveiligingsparking in Vockerode is eindelijk beschikbaar! \ud83d\ude9b\ud83d\udca8 We weten hoe uitdagend het dagelijkse werkleven op de weg kan zijn en willen je pauzes zo aangenaam mogelijk maken. Daarom hebben&#8230;<\/p>\n\t<\/div><!-- .entry-summary -->\n\t<footer class=\"entry-footer\">\n\t\t\t<div class=\"entry-actions\">\n\t\t\t<p class=\"more-link-wrap\">\n\t\t\t\t<a href=\"https:\/\/www.xxlkw-parking.de\/nl\/goed-nieuws-voor-alle-vrachtwagenchauffeurs-de-voucher-van-e5-is-er\/\" class=\"post-more-link\">\n\t\t\t\t\tLees meer<span class=\"screen-reader-text\"> Goed nieuws voor alle vrachtwagenchauffeurs: de voucher van \u20ac5 is er!<\/span><span class=\"kadence-svg-iconset svg-baseline\"><svg aria-hidden=\"true\" class=\"kadence-svg-icon kadence-arrow-right-alt-svg\" fill=\"currentColor\" version=\"1.1\" xmlns=\"http:\/\/www.w3.org\/2000\/svg\" width=\"27\" height=\"28\" viewBox=\"0 0 27 28\"><title>Verder gaan<\/title><path d=\"M27 13.953c0 0.141-0.063 0.281-0.156 0.375l-6 5.531c-0.156 0.141-0.359 0.172-0.547 0.094-0.172-0.078-0.297-0.25-0.297-0.453v-3.5h-19.5c-0.281 0-0.5-0.219-0.5-0.5v-3c0-0.281 0.219-0.5 0.5-0.5h19.5v-3.5c0-0.203 0.109-0.375 0.297-0.453s0.391-0.047 0.547 0.078l6 5.469c0.094 0.094 0.156 0.219 0.156 0.359v0z\"><\/path>\n\t\t\t<\/svg><\/span>\t\t\t\t<\/a>\n\t\t\t<\/p>\n\t\t<\/div><!-- .entry-actions -->\n\t\t<\/footer><!-- .entry-footer -->\t\t<\/div>\n\t<\/article>\n<\/li>\n<\/ul><\/div><\/div>\n\n<\/div><\/div>","protected":false},"excerpt":{"rendered":"<p>TRUCKERS NIEUWS<\/p>\n","protected":false},"author":1,"featured_media":0,"parent":0,"menu_order":0,"comment_status":"closed","ping_status":"closed","template":"","meta":{"_kad_blocks_custom_css":"","_kad_blocks_head_custom_js":"","_kad_blocks_body_custom_js":"","_kad_blocks_footer_custom_js":"","_kad_post_transparent":"","_kad_post_title":"","_kad_post_layout":"","_kad_post_sidebar_id":"","_kad_post_content_style":"","_kad_post_vertical_padding":"","_kad_post_feature":"","_kad_post_feature_position":"","_kad_post_header":false,"_kad_post_footer":false,"footnotes":""},"class_list":["post-15604","page","type-page","status-publish","hentry"],"yoast_head":"<!-- This site is optimized with the Yoast SEO plugin v27.3 - https:\/\/yoast.com\/product\/yoast-seo-wordpress\/ -->\n<title>Trucker Nieuws - XXLKW Secure Parking Elbebr\u00fccke A9<\/title>\n<meta name=\"robots\" content=\"index, follow, max-snippet:-1, max-image-preview:large, max-video-preview:-1\" \/>\n<link rel=\"canonical\" href=\"https:\/\/www.xxlkw-parking.de\/nl\/trucker-nieuws\/\" \/>\n<meta property=\"og:locale\" content=\"nl_NL\" \/>\n<meta property=\"og:type\" content=\"article\" \/>\n<meta property=\"og:title\" content=\"Trucker Nieuws - XXLKW Secure Parking Elbebr\u00fccke A9\" \/>\n<meta property=\"og:description\" content=\"TRUCKERS NIEUWS\" \/>\n<meta property=\"og:url\" content=\"https:\/\/www.xxlkw-parking.de\/nl\/trucker-nieuws\/\" \/>\n<meta property=\"og:site_name\" content=\"XXLKW Secure Parking Elbebr\u00fccke A9\" \/>\n<meta property=\"article:modified_time\" content=\"2024-09-11T17:08:19+00:00\" \/>\n<meta name=\"twitter:card\" content=\"summary_large_image\" \/>\n<script type=\"application\/ld+json\" class=\"yoast-schema-graph\">{\"@context\":\"https:\\\/\\\/schema.org\",\"@graph\":[{\"@type\":\"WebPage\",\"@id\":\"https:\\\/\\\/www.xxlkw-parking.de\\\/nl\\\/trucker-nieuws\\\/\",\"url\":\"https:\\\/\\\/www.xxlkw-parking.de\\\/nl\\\/trucker-nieuws\\\/\",\"name\":\"Trucker Nieuws - XXLKW Secure Parking Elbebr\u00fccke A9\",\"isPartOf\":{\"@id\":\"https:\\\/\\\/www.xxlkw-parking.de\\\/nl\\\/#website\"},\"datePublished\":\"2024-09-03T18:50:06+00:00\",\"dateModified\":\"2024-09-11T17:08:19+00:00\",\"breadcrumb\":{\"@id\":\"https:\\\/\\\/www.xxlkw-parking.de\\\/nl\\\/trucker-nieuws\\\/#breadcrumb\"},\"inLanguage\":\"nl-NL\",\"potentialAction\":[{\"@type\":\"ReadAction\",\"target\":[\"https:\\\/\\\/www.xxlkw-parking.de\\\/nl\\\/trucker-nieuws\\\/\"]}]},{\"@type\":\"BreadcrumbList\",\"@id\":\"https:\\\/\\\/www.xxlkw-parking.de\\\/nl\\\/trucker-nieuws\\\/#breadcrumb\",\"itemListElement\":[{\"@type\":\"ListItem\",\"position\":1,\"name\":\"Startseite\",\"item\":\"https:\\\/\\\/www.xxlkw-parking.de\\\/nl\\\/\"},{\"@type\":\"ListItem\",\"position\":2,\"name\":\"Trucker Nieuws\"}]},{\"@type\":\"WebSite\",\"@id\":\"https:\\\/\\\/www.xxlkw-parking.de\\\/nl\\\/#website\",\"url\":\"https:\\\/\\\/www.xxlkw-parking.de\\\/nl\\\/\",\"name\":\"XXLKW Secure Parking Elbebr\u00fccke A9\",\"description\":\"LKW Parkplatz A9, Ausfahrt Vockerode\",\"publisher\":{\"@id\":\"https:\\\/\\\/www.xxlkw-parking.de\\\/nl\\\/#organization\"},\"potentialAction\":[{\"@type\":\"SearchAction\",\"target\":{\"@type\":\"EntryPoint\",\"urlTemplate\":\"https:\\\/\\\/www.xxlkw-parking.de\\\/nl\\\/?s={search_term_string}\"},\"query-input\":{\"@type\":\"PropertyValueSpecification\",\"valueRequired\":true,\"valueName\":\"search_term_string\"}}],\"inLanguage\":\"nl-NL\"},{\"@type\":\"Organization\",\"@id\":\"https:\\\/\\\/www.xxlkw-parking.de\\\/nl\\\/#organization\",\"name\":\"XXLKW Secure Parking Elbebr\u00fccke A9\",\"url\":\"https:\\\/\\\/www.xxlkw-parking.de\\\/nl\\\/\",\"logo\":{\"@type\":\"ImageObject\",\"inLanguage\":\"nl-NL\",\"@id\":\"https:\\\/\\\/www.xxlkw-parking.de\\\/nl\\\/#\\\/schema\\\/logo\\\/image\\\/\",\"url\":\"https:\\\/\\\/www.xxlkw-parking.de\\\/wp-content\\\/uploads\\\/2022\\\/10\\\/Logo-XXLKW.png\",\"contentUrl\":\"https:\\\/\\\/www.xxlkw-parking.de\\\/wp-content\\\/uploads\\\/2022\\\/10\\\/Logo-XXLKW.png\",\"width\":893,\"height\":346,\"caption\":\"XXLKW Secure Parking Elbebr\u00fccke A9\"},\"image\":{\"@id\":\"https:\\\/\\\/www.xxlkw-parking.de\\\/nl\\\/#\\\/schema\\\/logo\\\/image\\\/\"}}]}<\/script>\n<!-- \/ Yoast SEO plugin. -->","yoast_head_json":{"title":"Trucker Nieuws - XXLKW Secure Parking Elbebr\u00fccke A9","robots":{"index":"index","follow":"follow","max-snippet":"max-snippet:-1","max-image-preview":"max-image-preview:large","max-video-preview":"max-video-preview:-1"},"canonical":"https:\/\/www.xxlkw-parking.de\/nl\/trucker-nieuws\/","og_locale":"nl_NL","og_type":"article","og_title":"Trucker Nieuws - XXLKW Secure Parking Elbebr\u00fccke A9","og_description":"TRUCKERS NIEUWS","og_url":"https:\/\/www.xxlkw-parking.de\/nl\/trucker-nieuws\/","og_site_name":"XXLKW Secure Parking Elbebr\u00fccke A9","article_modified_time":"2024-09-11T17:08:19+00:00","twitter_card":"summary_large_image","schema":{"@context":"https:\/\/schema.org","@graph":[{"@type":"WebPage","@id":"https:\/\/www.xxlkw-parking.de\/nl\/trucker-nieuws\/","url":"https:\/\/www.xxlkw-parking.de\/nl\/trucker-nieuws\/","name":"Trucker Nieuws - XXLKW Secure Parking Elbebr\u00fccke A9","isPartOf":{"@id":"https:\/\/www.xxlkw-parking.de\/nl\/#website"},"datePublished":"2024-09-03T18:50:06+00:00","dateModified":"2024-09-11T17:08:19+00:00","breadcrumb":{"@id":"https:\/\/www.xxlkw-parking.de\/nl\/trucker-nieuws\/#breadcrumb"},"inLanguage":"nl-NL","potentialAction":[{"@type":"ReadAction","target":["https:\/\/www.xxlkw-parking.de\/nl\/trucker-nieuws\/"]}]},{"@type":"BreadcrumbList","@id":"https:\/\/www.xxlkw-parking.de\/nl\/trucker-nieuws\/#breadcrumb","itemListElement":[{"@type":"ListItem","position":1,"name":"Startseite","item":"https:\/\/www.xxlkw-parking.de\/nl\/"},{"@type":"ListItem","position":2,"name":"Trucker Nieuws"}]},{"@type":"WebSite","@id":"https:\/\/www.xxlkw-parking.de\/nl\/#website","url":"https:\/\/www.xxlkw-parking.de\/nl\/","name":"XXLKW Secure Parking Elbebr\u00fccke A9","description":"LKW Parkplatz A9, Ausfahrt Vockerode","publisher":{"@id":"https:\/\/www.xxlkw-parking.de\/nl\/#organization"},"potentialAction":[{"@type":"SearchAction","target":{"@type":"EntryPoint","urlTemplate":"https:\/\/www.xxlkw-parking.de\/nl\/?s={search_term_string}"},"query-input":{"@type":"PropertyValueSpecification","valueRequired":true,"valueName":"search_term_string"}}],"inLanguage":"nl-NL"},{"@type":"Organization","@id":"https:\/\/www.xxlkw-parking.de\/nl\/#organization","name":"XXLKW Secure Parking Elbebr\u00fccke A9","url":"https:\/\/www.xxlkw-parking.de\/nl\/","logo":{"@type":"ImageObject","inLanguage":"nl-NL","@id":"https:\/\/www.xxlkw-parking.de\/nl\/#\/schema\/logo\/image\/","url":"https:\/\/www.xxlkw-parking.de\/wp-content\/uploads\/2022\/10\/Logo-XXLKW.png","contentUrl":"https:\/\/www.xxlkw-parking.de\/wp-content\/uploads\/2022\/10\/Logo-XXLKW.png","width":893,"height":346,"caption":"XXLKW Secure Parking Elbebr\u00fccke A9"},"image":{"@id":"https:\/\/www.xxlkw-parking.de\/nl\/#\/schema\/logo\/image\/"}}]}},"taxonomy_info":[],"featured_image_src_large":false,"author_info":{"display_name":"linda","author_link":"https:\/\/www.xxlkw-parking.de\/nl\/author\/linda\/"},"comment_info":0,"_links":{"self":[{"href":"https:\/\/www.xxlkw-parking.de\/nl\/wp-json\/wp\/v2\/pages\/15604","targetHints":{"allow":["GET"]}}],"collection":[{"href":"https:\/\/www.xxlkw-parking.de\/nl\/wp-json\/wp\/v2\/pages"}],"about":[{"href":"https:\/\/www.xxlkw-parking.de\/nl\/wp-json\/wp\/v2\/types\/page"}],"author":[{"embeddable":true,"href":"https:\/\/www.xxlkw-parking.de\/nl\/wp-json\/wp\/v2\/users\/1"}],"replies":[{"embeddable":true,"href":"https:\/\/www.xxlkw-parking.de\/nl\/wp-json\/wp\/v2\/comments?post=15604"}],"version-history":[{"count":2,"href":"https:\/\/www.xxlkw-parking.de\/nl\/wp-json\/wp\/v2\/pages\/15604\/revisions"}],"predecessor-version":[{"id":15608,"href":"https:\/\/www.xxlkw-parking.de\/nl\/wp-json\/wp\/v2\/pages\/15604\/revisions\/15608"}],"wp:attachment":[{"href":"https:\/\/www.xxlkw-parking.de\/nl\/wp-json\/wp\/v2\/media?parent=15604"}],"curies":[{"name":"wp","href":"https:\/\/api.w.org\/{rel}","templated":true}]}}