{"id":2511,"date":"2022-10-21T14:25:06","date_gmt":"2022-10-21T12:25:06","guid":{"rendered":"https:\/\/www.xxlkw-parking.de\/nadruk\/"},"modified":"2022-12-23T16:09:54","modified_gmt":"2022-12-23T15:09:54","slug":"nadruk","status":"publish","type":"page","link":"https:\/\/www.xxlkw-parking.de\/pl\/nadruk\/","title":{"rendered":"Nadruk"},"content":{"rendered":"\n<div style=\"height:100px\" aria-hidden=\"true\" class=\"wp-block-spacer\"><\/div>\n\n\n\n<div class=\"wp-block-columns is-layout-flex wp-container-core-columns-is-layout-9d6595d7 wp-block-columns-is-layout-flex\">\n<div class=\"wp-block-column breite is-layout-flow wp-block-column-is-layout-flow\">\n<div class=\"wp-block-group\"><div class=\"wp-block-group__inner-container is-layout-flow wp-block-group-is-layout-flow\">\n<h2 class=\"has-text-align-left wp-block-heading\">Nadruk<\/h2>\n\n\n\n<p class=\"has-text-align-left\"><strong>Informacje zgodnie z \u00a7 5 TMG<\/strong><br><br>XXLKW Secure Parking Elbebr\u00fccke GmbH<br>Raiffeisenallee 6a<br>82041 Oberhaching<\/p>\n\n\n\n<p class=\"has-text-align-left\">Telefon: <a href=\"tel:\/\/+49%2089%20665197%20-%200\">+49 89 665197 &#8211; 0<\/a><br>Fax: <a href=\"tel:\/\/+49%2089%20665197%20-%2070\">+49 89 665197 &#8211; 70<\/a><br><\/p>\n\n\n\n<p><strong>Reprezentowany przez<\/strong><br>Dyrektor zarz\u0105dzaj\u0105cy: Gerhard Hauptstein<br>Zarejestrowany w S\u0105dzie Rejonowym w Monachium, HRB 197928<\/p>\n<\/div><\/div>\n\n\n\n<p><strong>Informacja o prawach autorskich do zdj\u0119\u0107<\/strong><br>Zdj\u0119cie z drona: <strong>\u00a9<\/strong> Enrico Reglin<br>Truck Guy: <strong>\u00a9<\/strong> littlewolf1989\/stock.adobe.com<br><br><strong>Projektowanie i programowanie stron internetowych<\/strong><br><a href=\"https:\/\/www.mabeny.de\" target=\"_blank\" rel=\"noreferrer noopener\">www.mabeny<\/a><a href=\"https:\/\/www.mabeny.de\">.de<\/a><\/p>\n\n\n\n<div class=\"wp-block-group\"><div class=\"wp-block-group__inner-container is-layout-flow wp-block-group-is-layout-flow\">\n<p><\/p>\n\n\n\n<div style=\"height:80px\" aria-hidden=\"true\" class=\"wp-block-spacer\"><\/div>\n<\/div><\/div>\n<\/div>\n<\/div>\n","protected":false},"excerpt":{"rendered":"<p>Nadruk Informacje zgodnie z \u00a7 5 TMG XXLKW Secure Parking Elbebr\u00fccke GmbHRaiffeisenallee 6a82041 Oberhaching Telefon: +49 89 665197 &#8211; 0Fax: +49 89 665197 &#8211; 70 Reprezentowany przezDyrektor zarz\u0105dzaj\u0105cy: Gerhard HauptsteinZarejestrowany w S\u0105dzie Rejonowym w Monachium, HRB 197928 Informacja o prawach autorskich do zdj\u0119\u0107Zdj\u0119cie z drona: \u00a9 Enrico ReglinTruck Guy: \u00a9 littlewolf1989\/stock.adobe.com Projektowanie i programowanie stron&#8230;<\/p>\n","protected":false},"author":1,"featured_media":0,"parent":0,"menu_order":0,"comment_status":"closed","ping_status":"closed","template":"","meta":{"_kad_blocks_custom_css":"","_kad_blocks_head_custom_js":"","_kad_blocks_body_custom_js":"","_kad_blocks_footer_custom_js":"","_kad_post_transparent":"","_kad_post_title":"","_kad_post_layout":"","_kad_post_sidebar_id":"","_kad_post_content_style":"","_kad_post_vertical_padding":"","_kad_post_feature":"","_kad_post_feature_position":"","_kad_post_header":false,"_kad_post_footer":false,"footnotes":""},"class_list":["post-2511","page","type-page","status-publish","hentry"],"yoast_head":"<!-- This site is optimized with the Yoast SEO plugin v27.3 - https:\/\/yoast.com\/product\/yoast-seo-wordpress\/ -->\n<title>Nadruk - XXLKW Secure Parking Elbebr\u00fccke A9<\/title>\n<meta name=\"robots\" content=\"noindex, nofollow\" \/>\n<meta property=\"og:locale\" content=\"pl_PL\" \/>\n<meta property=\"og:type\" content=\"article\" \/>\n<meta property=\"og:title\" content=\"Nadruk - XXLKW Secure Parking Elbebr\u00fccke A9\" \/>\n<meta property=\"og:description\" content=\"Nadruk Informacje zgodnie z \u00a7 5 TMG XXLKW Secure Parking Elbebr\u00fccke GmbHRaiffeisenallee 6a82041 Oberhaching Telefon: +49 89 665197 &#8211; 0Fax: +49 89 665197 &#8211; 70 Reprezentowany przezDyrektor zarz\u0105dzaj\u0105cy: Gerhard HauptsteinZarejestrowany w S\u0105dzie Rejonowym w Monachium, HRB 197928 Informacja o prawach autorskich do zdj\u0119\u0107Zdj\u0119cie z drona: \u00a9 Enrico ReglinTruck Guy: \u00a9 littlewolf1989\/stock.adobe.com Projektowanie i programowanie stron...\" \/>\n<meta property=\"og:url\" content=\"https:\/\/www.xxlkw-parking.de\/pl\/nadruk\/\" \/>\n<meta property=\"og:site_name\" content=\"XXLKW Secure Parking Elbebr\u00fccke A9\" \/>\n<meta property=\"article:modified_time\" content=\"2022-12-23T15:09:54+00:00\" \/>\n<meta name=\"twitter:card\" content=\"summary_large_image\" \/>\n<meta name=\"twitter:label1\" content=\"Szacowany czas czytania\" \/>\n\t<meta name=\"twitter:data1\" content=\"1 minuta\" \/>\n<script type=\"application\/ld+json\" class=\"yoast-schema-graph\">{\"@context\":\"https:\\\/\\\/schema.org\",\"@graph\":[{\"@type\":\"WebPage\",\"@id\":\"https:\\\/\\\/www.xxlkw-parking.de\\\/pl\\\/nadruk\\\/\",\"url\":\"https:\\\/\\\/www.xxlkw-parking.de\\\/pl\\\/nadruk\\\/\",\"name\":\"Nadruk - XXLKW Secure Parking Elbebr\u00fccke A9\",\"isPartOf\":{\"@id\":\"https:\\\/\\\/www.xxlkw-parking.de\\\/pl\\\/#website\"},\"datePublished\":\"2022-10-21T12:25:06+00:00\",\"dateModified\":\"2022-12-23T15:09:54+00:00\",\"breadcrumb\":{\"@id\":\"https:\\\/\\\/www.xxlkw-parking.de\\\/pl\\\/nadruk\\\/#breadcrumb\"},\"inLanguage\":\"pl-PL\",\"potentialAction\":[{\"@type\":\"ReadAction\",\"target\":[\"https:\\\/\\\/www.xxlkw-parking.de\\\/pl\\\/nadruk\\\/\"]}]},{\"@type\":\"BreadcrumbList\",\"@id\":\"https:\\\/\\\/www.xxlkw-parking.de\\\/pl\\\/nadruk\\\/#breadcrumb\",\"itemListElement\":[{\"@type\":\"ListItem\",\"position\":1,\"name\":\"Startseite\",\"item\":\"https:\\\/\\\/www.xxlkw-parking.de\\\/pl\\\/\"},{\"@type\":\"ListItem\",\"position\":2,\"name\":\"Nadruk\"}]},{\"@type\":\"WebSite\",\"@id\":\"https:\\\/\\\/www.xxlkw-parking.de\\\/pl\\\/#website\",\"url\":\"https:\\\/\\\/www.xxlkw-parking.de\\\/pl\\\/\",\"name\":\"XXLKW Secure Parking Elbebr\u00fccke A9\",\"description\":\"LKW Parkplatz A9, Ausfahrt Vockerode\",\"publisher\":{\"@id\":\"https:\\\/\\\/www.xxlkw-parking.de\\\/pl\\\/#organization\"},\"potentialAction\":[{\"@type\":\"SearchAction\",\"target\":{\"@type\":\"EntryPoint\",\"urlTemplate\":\"https:\\\/\\\/www.xxlkw-parking.de\\\/pl\\\/?s={search_term_string}\"},\"query-input\":{\"@type\":\"PropertyValueSpecification\",\"valueRequired\":true,\"valueName\":\"search_term_string\"}}],\"inLanguage\":\"pl-PL\"},{\"@type\":\"Organization\",\"@id\":\"https:\\\/\\\/www.xxlkw-parking.de\\\/pl\\\/#organization\",\"name\":\"XXLKW Secure Parking Elbebr\u00fccke A9\",\"url\":\"https:\\\/\\\/www.xxlkw-parking.de\\\/pl\\\/\",\"logo\":{\"@type\":\"ImageObject\",\"inLanguage\":\"pl-PL\",\"@id\":\"https:\\\/\\\/www.xxlkw-parking.de\\\/pl\\\/#\\\/schema\\\/logo\\\/image\\\/\",\"url\":\"https:\\\/\\\/www.xxlkw-parking.de\\\/wp-content\\\/uploads\\\/2022\\\/10\\\/Logo-XXLKW.png\",\"contentUrl\":\"https:\\\/\\\/www.xxlkw-parking.de\\\/wp-content\\\/uploads\\\/2022\\\/10\\\/Logo-XXLKW.png\",\"width\":893,\"height\":346,\"caption\":\"XXLKW Secure Parking Elbebr\u00fccke A9\"},\"image\":{\"@id\":\"https:\\\/\\\/www.xxlkw-parking.de\\\/pl\\\/#\\\/schema\\\/logo\\\/image\\\/\"}}]}<\/script>\n<!-- \/ Yoast SEO plugin. -->","yoast_head_json":{"title":"Nadruk - XXLKW Secure Parking Elbebr\u00fccke A9","robots":{"index":"noindex","follow":"nofollow"},"og_locale":"pl_PL","og_type":"article","og_title":"Nadruk - XXLKW Secure Parking Elbebr\u00fccke A9","og_description":"Nadruk Informacje zgodnie z \u00a7 5 TMG XXLKW Secure Parking Elbebr\u00fccke GmbHRaiffeisenallee 6a82041 Oberhaching Telefon: +49 89 665197 &#8211; 0Fax: +49 89 665197 &#8211; 70 Reprezentowany przezDyrektor zarz\u0105dzaj\u0105cy: Gerhard HauptsteinZarejestrowany w S\u0105dzie Rejonowym w Monachium, HRB 197928 Informacja o prawach autorskich do zdj\u0119\u0107Zdj\u0119cie z drona: \u00a9 Enrico ReglinTruck Guy: \u00a9 littlewolf1989\/stock.adobe.com Projektowanie i programowanie stron...","og_url":"https:\/\/www.xxlkw-parking.de\/pl\/nadruk\/","og_site_name":"XXLKW Secure Parking Elbebr\u00fccke A9","article_modified_time":"2022-12-23T15:09:54+00:00","twitter_card":"summary_large_image","twitter_misc":{"Szacowany czas czytania":"1 minuta"},"schema":{"@context":"https:\/\/schema.org","@graph":[{"@type":"WebPage","@id":"https:\/\/www.xxlkw-parking.de\/pl\/nadruk\/","url":"https:\/\/www.xxlkw-parking.de\/pl\/nadruk\/","name":"Nadruk - XXLKW Secure Parking Elbebr\u00fccke A9","isPartOf":{"@id":"https:\/\/www.xxlkw-parking.de\/pl\/#website"},"datePublished":"2022-10-21T12:25:06+00:00","dateModified":"2022-12-23T15:09:54+00:00","breadcrumb":{"@id":"https:\/\/www.xxlkw-parking.de\/pl\/nadruk\/#breadcrumb"},"inLanguage":"pl-PL","potentialAction":[{"@type":"ReadAction","target":["https:\/\/www.xxlkw-parking.de\/pl\/nadruk\/"]}]},{"@type":"BreadcrumbList","@id":"https:\/\/www.xxlkw-parking.de\/pl\/nadruk\/#breadcrumb","itemListElement":[{"@type":"ListItem","position":1,"name":"Startseite","item":"https:\/\/www.xxlkw-parking.de\/pl\/"},{"@type":"ListItem","position":2,"name":"Nadruk"}]},{"@type":"WebSite","@id":"https:\/\/www.xxlkw-parking.de\/pl\/#website","url":"https:\/\/www.xxlkw-parking.de\/pl\/","name":"XXLKW Secure Parking Elbebr\u00fccke A9","description":"LKW Parkplatz A9, Ausfahrt Vockerode","publisher":{"@id":"https:\/\/www.xxlkw-parking.de\/pl\/#organization"},"potentialAction":[{"@type":"SearchAction","target":{"@type":"EntryPoint","urlTemplate":"https:\/\/www.xxlkw-parking.de\/pl\/?s={search_term_string}"},"query-input":{"@type":"PropertyValueSpecification","valueRequired":true,"valueName":"search_term_string"}}],"inLanguage":"pl-PL"},{"@type":"Organization","@id":"https:\/\/www.xxlkw-parking.de\/pl\/#organization","name":"XXLKW Secure Parking Elbebr\u00fccke A9","url":"https:\/\/www.xxlkw-parking.de\/pl\/","logo":{"@type":"ImageObject","inLanguage":"pl-PL","@id":"https:\/\/www.xxlkw-parking.de\/pl\/#\/schema\/logo\/image\/","url":"https:\/\/www.xxlkw-parking.de\/wp-content\/uploads\/2022\/10\/Logo-XXLKW.png","contentUrl":"https:\/\/www.xxlkw-parking.de\/wp-content\/uploads\/2022\/10\/Logo-XXLKW.png","width":893,"height":346,"caption":"XXLKW Secure Parking Elbebr\u00fccke A9"},"image":{"@id":"https:\/\/www.xxlkw-parking.de\/pl\/#\/schema\/logo\/image\/"}}]}},"taxonomy_info":[],"featured_image_src_large":false,"author_info":{"display_name":"linda","author_link":"https:\/\/www.xxlkw-parking.de\/pl\/author\/linda\/"},"comment_info":0,"_links":{"self":[{"href":"https:\/\/www.xxlkw-parking.de\/pl\/wp-json\/wp\/v2\/pages\/2511","targetHints":{"allow":["GET"]}}],"collection":[{"href":"https:\/\/www.xxlkw-parking.de\/pl\/wp-json\/wp\/v2\/pages"}],"about":[{"href":"https:\/\/www.xxlkw-parking.de\/pl\/wp-json\/wp\/v2\/types\/page"}],"author":[{"embeddable":true,"href":"https:\/\/www.xxlkw-parking.de\/pl\/wp-json\/wp\/v2\/users\/1"}],"replies":[{"embeddable":true,"href":"https:\/\/www.xxlkw-parking.de\/pl\/wp-json\/wp\/v2\/comments?post=2511"}],"version-history":[{"count":3,"href":"https:\/\/www.xxlkw-parking.de\/pl\/wp-json\/wp\/v2\/pages\/2511\/revisions"}],"predecessor-version":[{"id":2931,"href":"https:\/\/www.xxlkw-parking.de\/pl\/wp-json\/wp\/v2\/pages\/2511\/revisions\/2931"}],"wp:attachment":[{"href":"https:\/\/www.xxlkw-parking.de\/pl\/wp-json\/wp\/v2\/media?parent=2511"}],"curies":[{"name":"wp","href":"https:\/\/api.w.org\/{rel}","templated":true}]}}