{"id":15628,"date":"2024-09-03T20:50:06","date_gmt":"2024-09-03T18:50:06","guid":{"rendered":"https:\/\/www.xxlkw-parking.de\/spravy-pre-vodicov-nakladnych-vozidiel\/"},"modified":"2024-09-11T19:08:30","modified_gmt":"2024-09-11T17:08:30","slug":"spravy-pre-vodicov-nakladnych-vozidiel","status":"publish","type":"page","link":"https:\/\/www.xxlkw-parking.de\/sk\/spravy-pre-vodicov-nakladnych-vozidiel\/","title":{"rendered":"Spr\u00e1vy pre vodi\u010dov n\u00e1kladn\u00fdch vozidiel"},"content":{"rendered":"<style>.kb-row-layout-id15413_190a27-61 > .kt-row-column-wrap{align-content:start;}:where(.kb-row-layout-id15413_190a27-61 > .kt-row-column-wrap) > .wp-block-kadence-column{justify-content:start;}.kb-row-layout-id15413_190a27-61 > .kt-row-column-wrap{column-gap:var(--global-kb-gap-md, 2rem);row-gap:var(--global-kb-gap-md, 2rem);padding-top:var(--global-kb-spacing-sm, 1.5rem);padding-bottom:var(--global-kb-spacing-sm, 1.5rem);grid-template-columns:minmax(0, 1fr);}.kb-row-layout-id15413_190a27-61 > .kt-row-layout-overlay{opacity:0.30;}@media all and (max-width: 1024px){.kb-row-layout-id15413_190a27-61 > .kt-row-column-wrap{grid-template-columns:minmax(0, 1fr);}}@media all and (max-width: 767px){.kb-row-layout-id15413_190a27-61 > .kt-row-column-wrap{grid-template-columns:minmax(0, 1fr);}}<\/style><div class=\"kb-row-layout-wrap kb-row-layout-id15413_190a27-61 alignnone breite wp-block-kadence-rowlayout\"><div class=\"kt-row-column-wrap kt-has-1-columns kt-row-layout-equal kt-tab-layout-inherit kt-mobile-layout-row kt-row-valign-top\">\n<style>.kadence-column15413_d64c82-65 > .kt-inside-inner-col,.kadence-column15413_d64c82-65 > .kt-inside-inner-col:before{border-top-left-radius:0px;border-top-right-radius:0px;border-bottom-right-radius:0px;border-bottom-left-radius:0px;}.kadence-column15413_d64c82-65 > .kt-inside-inner-col{column-gap:var(--global-kb-gap-sm, 1rem);}.kadence-column15413_d64c82-65 > .kt-inside-inner-col{flex-direction:column;}.kadence-column15413_d64c82-65 > .kt-inside-inner-col > .aligncenter{width:100%;}.kadence-column15413_d64c82-65 > .kt-inside-inner-col:before{opacity:0.3;}.kadence-column15413_d64c82-65{position:relative;}@media all and (max-width: 1024px){.kadence-column15413_d64c82-65 > .kt-inside-inner-col{flex-direction:column;justify-content:center;}}@media all and (max-width: 767px){.kadence-column15413_d64c82-65 > .kt-inside-inner-col{flex-direction:column;justify-content:center;}}<\/style>\n<div class=\"wp-block-kadence-column kadence-column15413_d64c82-65\"><div class=\"kt-inside-inner-col\">\n<h1 class=\"wp-block-heading has-text-align-center neww\">NOVINKY Z TRUCKEROV<\/h1>\n\n\n<style>.kb-posts-id-15413_af73a6-a9 .kb-post-list-item{display:grid;}<\/style><ul class=\"wp-block-kadence-posts kb-posts kadence-posts-list kb-posts-id-15413_af73a6-a9 content-wrap grid-cols kb-posts-style-boxed grid-sm-col-2 grid-lg-col-2 item-image-style-above\"><li class=\"kb-post-list-item\">\n\t<article class=\"entry content-bg loop-entry post-15684 post type-post status-publish format-standard has-post-thumbnail hentry category-trucker-news-sk category-unkategorisiert-sk\">\n\t\t\t\t<a aria-hidden=\"true\" tabindex=\"-1\" role=\"presentation\" class=\"post-thumbnail kadence-thumbnail-ratio-2-3\" href=\"https:\/\/www.xxlkw-parking.de\/sk\/xxlkw-parkovanie-ako-partner-na-konferencii-100-ceos-vo-varsave\/\" aria-label=\"XXLKW Parkovanie ako partner na konferencii 100 CEOs vo Var\u0161ave\">\n\t\t\t<div class=\"post-thumbnail-inner\">\n\t\t\t\t<img decoding=\"async\" width=\"768\" height=\"402\" src=\"https:\/\/www.xxlkw-parking.de\/wp-content\/uploads\/2024\/09\/1200x628_CEO_xxlKW-768x402.jpg\" class=\"attachment-medium_large size-medium_large wp-post-image\" alt=\"XXLKW Parking als Partner auf der 100 CEOs Conference in Warschau\" \/>\t\t\t<\/div>\n\t\t<\/a><!-- .post-thumbnail -->\n\t\t\t\t<div class=\"entry-content-wrap\">\n\t\t\t<header class=\"entry-header\">\n\t\t<div class=\"entry-taxonomies\">\n\t\t<span class=\"category-links term-links category-style-normal\">\n\t\t\t<a href=\"https:\/\/www.xxlkw-parking.de\/sk\/category\/trucker-news-sk\/\" class=\"category-link-trucker-news-sk\" rel=\"tag\">Trucker-News<\/a> | <a href=\"https:\/\/www.xxlkw-parking.de\/sk\/category\/unkategorisiert-sk\/\" class=\"category-link-unkategorisiert-sk\" rel=\"tag\">Unkategorisiert<\/a>\t\t<\/span>\n\t<\/div><!-- .entry-taxonomies -->\n\t<h2 class=\"entry-title\"><a href=\"https:\/\/www.xxlkw-parking.de\/sk\/xxlkw-parkovanie-ako-partner-na-konferencii-100-ceos-vo-varsave\/\" rel=\"bookmark\">XXLKW Parkovanie ako partner na konferencii 100 CEOs vo Var\u0161ave<\/a><\/h2>\t<div class=\"entry-meta entry-meta-divider-dot\">\n\t\t\t\t<span class=\"posted-on\">\n\t\t\t\t<time class=\"entry-date published\" datetime=\"2024-09-11T18:16:01+02:00\">11. septembra 2024<\/time><time class=\"updated\" datetime=\"2024-09-11T19:22:50+02:00\">11. septembra 2024<\/time>\t\t\t<\/span>\n\t\t\t\t<\/div><!-- .entry-meta -->\n\t<\/header><!-- .entry-header -->\n\t<div class=\"entry-summary\">\n\t\t<p>Tento t\u00fd\u017ede\u0148 m\u00e1me vzru\u0161uj\u00face novinky! Spolo\u010dnos\u0165 XXLKW Secure Parking Elbebr\u00fccke GmbH je hrd\u00fdm partnerom konferencie 100 CEOs vo Var\u0161ave: (transport-manager.pl). Na tomto v\u00fdznamnom podujat\u00ed sa stret\u00e1vaj\u00fa popredn\u00e9 osobnosti z oblasti dopravy a logistiky, aby diskutovali o bud\u00facnosti tohto odvetvia. \u010co je konferencia 100 gener\u00e1lnych riadite\u013eov? Konferencia 100 gener\u00e1lnych riadite\u013eov, ktor\u00fa organizuje spolo\u010dnos\u0165 Transport Manager, je&#8230;<\/p>\n\t<\/div><!-- .entry-summary -->\n\t<footer class=\"entry-footer\">\n\t\t\t<div class=\"entry-actions\">\n\t\t\t<p class=\"more-link-wrap\">\n\t\t\t\t<a href=\"https:\/\/www.xxlkw-parking.de\/sk\/xxlkw-parkovanie-ako-partner-na-konferencii-100-ceos-vo-varsave\/\" class=\"post-more-link\">\n\t\t\t\t\tRead More<span class=\"screen-reader-text\"> XXLKW Parkovanie ako partner na konferencii 100 CEOs vo Var\u0161ave<\/span><span class=\"kadence-svg-iconset svg-baseline\"><svg aria-hidden=\"true\" class=\"kadence-svg-icon kadence-arrow-right-alt-svg\" fill=\"currentColor\" version=\"1.1\" xmlns=\"http:\/\/www.w3.org\/2000\/svg\" width=\"27\" height=\"28\" viewBox=\"0 0 27 28\"><title>Continue<\/title><path d=\"M27 13.953c0 0.141-0.063 0.281-0.156 0.375l-6 5.531c-0.156 0.141-0.359 0.172-0.547 0.094-0.172-0.078-0.297-0.25-0.297-0.453v-3.5h-19.5c-0.281 0-0.5-0.219-0.5-0.5v-3c0-0.281 0.219-0.5 0.5-0.5h19.5v-3.5c0-0.203 0.109-0.375 0.297-0.453s0.391-0.047 0.547 0.078l6 5.469c0.094 0.094 0.156 0.219 0.156 0.359v0z\"><\/path>\n\t\t\t<\/svg><\/span>\t\t\t\t<\/a>\n\t\t\t<\/p>\n\t\t<\/div><!-- .entry-actions -->\n\t\t<\/footer><!-- .entry-footer -->\t\t<\/div>\n\t<\/article>\n<\/li>\n<li class=\"kb-post-list-item\">\n\t<article class=\"entry content-bg loop-entry post-15759 post type-post status-publish format-standard has-post-thumbnail hentry category-trucker-news-sk category-unkategorisiert-sk\">\n\t\t\t\t<a aria-hidden=\"true\" tabindex=\"-1\" role=\"presentation\" class=\"post-thumbnail kadence-thumbnail-ratio-2-3\" href=\"https:\/\/www.xxlkw-parking.de\/sk\/skvela-sprava-pre-vsetkych-vodicov-nakladnych-vozidiel-poukazka-v-hodnote-5-e-je-tu\/\" aria-label=\"Skvel\u00e1 spr\u00e1va pre v\u0161etk\u00fdch vodi\u010dov n\u00e1kladn\u00fdch vozidiel: pouk\u00e1\u017eka v hodnote 5 \u20ac je tu!\">\n\t\t\t<div class=\"post-thumbnail-inner\">\n\t\t\t\t<img decoding=\"async\" width=\"768\" height=\"768\" src=\"https:\/\/www.xxlkw-parking.de\/wp-content\/uploads\/2024\/09\/Bild-Voucher-Beitrag-Trucker-im-Shop-768x768.jpg\" class=\"attachment-medium_large size-medium_large wp-post-image\" alt=\"Trucker im Shop von XXLKW Secure Parking Elbebr\u00fccke. Er h\u00e4lt ein Parkticket in den H\u00e4nden w\u00e4hrend er am Tisch sitzt.\" \/>\t\t\t<\/div>\n\t\t<\/a><!-- .post-thumbnail -->\n\t\t\t\t<div class=\"entry-content-wrap\">\n\t\t\t<header class=\"entry-header\">\n\t\t<div class=\"entry-taxonomies\">\n\t\t<span class=\"category-links term-links category-style-normal\">\n\t\t\t<a href=\"https:\/\/www.xxlkw-parking.de\/sk\/category\/trucker-news-sk\/\" class=\"category-link-trucker-news-sk\" rel=\"tag\">Trucker-News<\/a> | <a href=\"https:\/\/www.xxlkw-parking.de\/sk\/category\/unkategorisiert-sk\/\" class=\"category-link-unkategorisiert-sk\" rel=\"tag\">Unkategorisiert<\/a>\t\t<\/span>\n\t<\/div><!-- .entry-taxonomies -->\n\t<h2 class=\"entry-title\"><a href=\"https:\/\/www.xxlkw-parking.de\/sk\/skvela-sprava-pre-vsetkych-vodicov-nakladnych-vozidiel-poukazka-v-hodnote-5-e-je-tu\/\" rel=\"bookmark\">Skvel\u00e1 spr\u00e1va pre v\u0161etk\u00fdch vodi\u010dov n\u00e1kladn\u00fdch vozidiel: pouk\u00e1\u017eka v hodnote 5 \u20ac je tu!<\/a><\/h2>\t<div class=\"entry-meta entry-meta-divider-dot\">\n\t\t\t\t<span class=\"posted-on\">\n\t\t\t\t<time class=\"entry-date published\" datetime=\"2024-09-03T20:46:50+02:00\">3. septembra 2024<\/time><time class=\"updated\" datetime=\"2024-09-11T20:06:00+02:00\">11. septembra 2024<\/time>\t\t\t<\/span>\n\t\t\t\t<\/div><!-- .entry-meta -->\n\t<\/header><!-- .entry-header -->\n\t<div class=\"entry-summary\">\n\t\t<p>V\u00e1\u017een\u00ed vodi\u010di n\u00e1kladn\u00fdch vozidiel, Po mnoh\u00fdch \u017eiadostiach a n\u00e1vrhoch sme radi, \u017ee v\u00e1m m\u00f4\u017eeme predstavi\u0165 skvel\u00e9 novinky: N\u00e1\u0161 nov\u00fd kup\u00f3n v hodnote 5 \u20ac do na\u0161ej predajne na bezpe\u010dnostnom parkovisku XXLKW vo Vockerode je kone\u010dne k dispoz\u00edcii! \ud83d\ude9b\ud83d\udca8 Vieme, ak\u00fd n\u00e1ro\u010dn\u00fd m\u00f4\u017ee by\u0165 ka\u017edodenn\u00fd pracovn\u00fd \u017eivot na cest\u00e1ch, a chceme v\u00e1m \u010do najviac spr\u00edjemni\u0165 prest\u00e1vky&#8230;.<\/p>\n\t<\/div><!-- .entry-summary -->\n\t<footer class=\"entry-footer\">\n\t\t\t<div class=\"entry-actions\">\n\t\t\t<p class=\"more-link-wrap\">\n\t\t\t\t<a href=\"https:\/\/www.xxlkw-parking.de\/sk\/skvela-sprava-pre-vsetkych-vodicov-nakladnych-vozidiel-poukazka-v-hodnote-5-e-je-tu\/\" class=\"post-more-link\">\n\t\t\t\t\tRead More<span class=\"screen-reader-text\"> Skvel\u00e1 spr\u00e1va pre v\u0161etk\u00fdch vodi\u010dov n\u00e1kladn\u00fdch vozidiel: pouk\u00e1\u017eka v hodnote 5 \u20ac je tu!<\/span><span class=\"kadence-svg-iconset svg-baseline\"><svg aria-hidden=\"true\" class=\"kadence-svg-icon kadence-arrow-right-alt-svg\" fill=\"currentColor\" version=\"1.1\" xmlns=\"http:\/\/www.w3.org\/2000\/svg\" width=\"27\" height=\"28\" viewBox=\"0 0 27 28\"><title>Continue<\/title><path d=\"M27 13.953c0 0.141-0.063 0.281-0.156 0.375l-6 5.531c-0.156 0.141-0.359 0.172-0.547 0.094-0.172-0.078-0.297-0.25-0.297-0.453v-3.5h-19.5c-0.281 0-0.5-0.219-0.5-0.5v-3c0-0.281 0.219-0.5 0.5-0.5h19.5v-3.5c0-0.203 0.109-0.375 0.297-0.453s0.391-0.047 0.547 0.078l6 5.469c0.094 0.094 0.156 0.219 0.156 0.359v0z\"><\/path>\n\t\t\t<\/svg><\/span>\t\t\t\t<\/a>\n\t\t\t<\/p>\n\t\t<\/div><!-- .entry-actions -->\n\t\t<\/footer><!-- .entry-footer -->\t\t<\/div>\n\t<\/article>\n<\/li>\n<\/ul><\/div><\/div>\n\n<\/div><\/div>","protected":false},"excerpt":{"rendered":"<p>NOVINKY Z TRUCKEROV<\/p>\n","protected":false},"author":1,"featured_media":0,"parent":0,"menu_order":0,"comment_status":"closed","ping_status":"closed","template":"","meta":{"_kad_blocks_custom_css":"","_kad_blocks_head_custom_js":"","_kad_blocks_body_custom_js":"","_kad_blocks_footer_custom_js":"","_kad_post_transparent":"","_kad_post_title":"","_kad_post_layout":"","_kad_post_sidebar_id":"","_kad_post_content_style":"","_kad_post_vertical_padding":"","_kad_post_feature":"","_kad_post_feature_position":"","_kad_post_header":false,"_kad_post_footer":false,"footnotes":""},"class_list":["post-15628","page","type-page","status-publish","hentry"],"yoast_head":"<!-- This site is optimized with the Yoast SEO plugin v27.3 - https:\/\/yoast.com\/product\/yoast-seo-wordpress\/ -->\n<title>Spr\u00e1vy pre vodi\u010dov n\u00e1kladn\u00fdch vozidiel - XXLKW Secure Parking Elbebr\u00fccke A9<\/title>\n<meta name=\"robots\" content=\"index, follow, max-snippet:-1, max-image-preview:large, max-video-preview:-1\" \/>\n<link rel=\"canonical\" href=\"https:\/\/www.xxlkw-parking.de\/sk\/spravy-pre-vodicov-nakladnych-vozidiel\/\" \/>\n<meta property=\"og:locale\" content=\"sk_SK\" \/>\n<meta property=\"og:type\" content=\"article\" \/>\n<meta property=\"og:title\" content=\"Spr\u00e1vy pre vodi\u010dov n\u00e1kladn\u00fdch vozidiel - XXLKW Secure Parking Elbebr\u00fccke A9\" \/>\n<meta property=\"og:description\" content=\"NOVINKY Z TRUCKEROV\" \/>\n<meta property=\"og:url\" content=\"https:\/\/www.xxlkw-parking.de\/sk\/spravy-pre-vodicov-nakladnych-vozidiel\/\" \/>\n<meta property=\"og:site_name\" content=\"XXLKW Secure Parking Elbebr\u00fccke A9\" \/>\n<meta property=\"article:modified_time\" content=\"2024-09-11T17:08:30+00:00\" \/>\n<meta name=\"twitter:card\" content=\"summary_large_image\" \/>\n<script type=\"application\/ld+json\" class=\"yoast-schema-graph\">{\"@context\":\"https:\\\/\\\/schema.org\",\"@graph\":[{\"@type\":\"WebPage\",\"@id\":\"https:\\\/\\\/www.xxlkw-parking.de\\\/sk\\\/spravy-pre-vodicov-nakladnych-vozidiel\\\/\",\"url\":\"https:\\\/\\\/www.xxlkw-parking.de\\\/sk\\\/spravy-pre-vodicov-nakladnych-vozidiel\\\/\",\"name\":\"Spr\u00e1vy pre vodi\u010dov n\u00e1kladn\u00fdch vozidiel - XXLKW Secure Parking Elbebr\u00fccke A9\",\"isPartOf\":{\"@id\":\"https:\\\/\\\/www.xxlkw-parking.de\\\/sk\\\/#website\"},\"datePublished\":\"2024-09-03T18:50:06+00:00\",\"dateModified\":\"2024-09-11T17:08:30+00:00\",\"breadcrumb\":{\"@id\":\"https:\\\/\\\/www.xxlkw-parking.de\\\/sk\\\/spravy-pre-vodicov-nakladnych-vozidiel\\\/#breadcrumb\"},\"inLanguage\":\"sk-SK\",\"potentialAction\":[{\"@type\":\"ReadAction\",\"target\":[\"https:\\\/\\\/www.xxlkw-parking.de\\\/sk\\\/spravy-pre-vodicov-nakladnych-vozidiel\\\/\"]}]},{\"@type\":\"BreadcrumbList\",\"@id\":\"https:\\\/\\\/www.xxlkw-parking.de\\\/sk\\\/spravy-pre-vodicov-nakladnych-vozidiel\\\/#breadcrumb\",\"itemListElement\":[{\"@type\":\"ListItem\",\"position\":1,\"name\":\"Startseite\",\"item\":\"https:\\\/\\\/www.xxlkw-parking.de\\\/sk\\\/\"},{\"@type\":\"ListItem\",\"position\":2,\"name\":\"Spr\u00e1vy pre vodi\u010dov n\u00e1kladn\u00fdch vozidiel\"}]},{\"@type\":\"WebSite\",\"@id\":\"https:\\\/\\\/www.xxlkw-parking.de\\\/sk\\\/#website\",\"url\":\"https:\\\/\\\/www.xxlkw-parking.de\\\/sk\\\/\",\"name\":\"XXLKW Secure Parking Elbebr\u00fccke A9\",\"description\":\"LKW Parkplatz A9, Ausfahrt Vockerode\",\"publisher\":{\"@id\":\"https:\\\/\\\/www.xxlkw-parking.de\\\/sk\\\/#organization\"},\"potentialAction\":[{\"@type\":\"SearchAction\",\"target\":{\"@type\":\"EntryPoint\",\"urlTemplate\":\"https:\\\/\\\/www.xxlkw-parking.de\\\/sk\\\/?s={search_term_string}\"},\"query-input\":{\"@type\":\"PropertyValueSpecification\",\"valueRequired\":true,\"valueName\":\"search_term_string\"}}],\"inLanguage\":\"sk-SK\"},{\"@type\":\"Organization\",\"@id\":\"https:\\\/\\\/www.xxlkw-parking.de\\\/sk\\\/#organization\",\"name\":\"XXLKW Secure Parking Elbebr\u00fccke A9\",\"url\":\"https:\\\/\\\/www.xxlkw-parking.de\\\/sk\\\/\",\"logo\":{\"@type\":\"ImageObject\",\"inLanguage\":\"sk-SK\",\"@id\":\"https:\\\/\\\/www.xxlkw-parking.de\\\/sk\\\/#\\\/schema\\\/logo\\\/image\\\/\",\"url\":\"https:\\\/\\\/www.xxlkw-parking.de\\\/wp-content\\\/uploads\\\/2022\\\/10\\\/Logo-XXLKW.png\",\"contentUrl\":\"https:\\\/\\\/www.xxlkw-parking.de\\\/wp-content\\\/uploads\\\/2022\\\/10\\\/Logo-XXLKW.png\",\"width\":893,\"height\":346,\"caption\":\"XXLKW Secure Parking Elbebr\u00fccke A9\"},\"image\":{\"@id\":\"https:\\\/\\\/www.xxlkw-parking.de\\\/sk\\\/#\\\/schema\\\/logo\\\/image\\\/\"}}]}<\/script>\n<!-- \/ Yoast SEO plugin. -->","yoast_head_json":{"title":"Spr\u00e1vy pre vodi\u010dov n\u00e1kladn\u00fdch vozidiel - XXLKW Secure Parking Elbebr\u00fccke A9","robots":{"index":"index","follow":"follow","max-snippet":"max-snippet:-1","max-image-preview":"max-image-preview:large","max-video-preview":"max-video-preview:-1"},"canonical":"https:\/\/www.xxlkw-parking.de\/sk\/spravy-pre-vodicov-nakladnych-vozidiel\/","og_locale":"sk_SK","og_type":"article","og_title":"Spr\u00e1vy pre vodi\u010dov n\u00e1kladn\u00fdch vozidiel - XXLKW Secure Parking Elbebr\u00fccke A9","og_description":"NOVINKY Z TRUCKEROV","og_url":"https:\/\/www.xxlkw-parking.de\/sk\/spravy-pre-vodicov-nakladnych-vozidiel\/","og_site_name":"XXLKW Secure Parking Elbebr\u00fccke A9","article_modified_time":"2024-09-11T17:08:30+00:00","twitter_card":"summary_large_image","schema":{"@context":"https:\/\/schema.org","@graph":[{"@type":"WebPage","@id":"https:\/\/www.xxlkw-parking.de\/sk\/spravy-pre-vodicov-nakladnych-vozidiel\/","url":"https:\/\/www.xxlkw-parking.de\/sk\/spravy-pre-vodicov-nakladnych-vozidiel\/","name":"Spr\u00e1vy pre vodi\u010dov n\u00e1kladn\u00fdch vozidiel - XXLKW Secure Parking Elbebr\u00fccke A9","isPartOf":{"@id":"https:\/\/www.xxlkw-parking.de\/sk\/#website"},"datePublished":"2024-09-03T18:50:06+00:00","dateModified":"2024-09-11T17:08:30+00:00","breadcrumb":{"@id":"https:\/\/www.xxlkw-parking.de\/sk\/spravy-pre-vodicov-nakladnych-vozidiel\/#breadcrumb"},"inLanguage":"sk-SK","potentialAction":[{"@type":"ReadAction","target":["https:\/\/www.xxlkw-parking.de\/sk\/spravy-pre-vodicov-nakladnych-vozidiel\/"]}]},{"@type":"BreadcrumbList","@id":"https:\/\/www.xxlkw-parking.de\/sk\/spravy-pre-vodicov-nakladnych-vozidiel\/#breadcrumb","itemListElement":[{"@type":"ListItem","position":1,"name":"Startseite","item":"https:\/\/www.xxlkw-parking.de\/sk\/"},{"@type":"ListItem","position":2,"name":"Spr\u00e1vy pre vodi\u010dov n\u00e1kladn\u00fdch vozidiel"}]},{"@type":"WebSite","@id":"https:\/\/www.xxlkw-parking.de\/sk\/#website","url":"https:\/\/www.xxlkw-parking.de\/sk\/","name":"XXLKW Secure Parking Elbebr\u00fccke A9","description":"LKW Parkplatz A9, Ausfahrt Vockerode","publisher":{"@id":"https:\/\/www.xxlkw-parking.de\/sk\/#organization"},"potentialAction":[{"@type":"SearchAction","target":{"@type":"EntryPoint","urlTemplate":"https:\/\/www.xxlkw-parking.de\/sk\/?s={search_term_string}"},"query-input":{"@type":"PropertyValueSpecification","valueRequired":true,"valueName":"search_term_string"}}],"inLanguage":"sk-SK"},{"@type":"Organization","@id":"https:\/\/www.xxlkw-parking.de\/sk\/#organization","name":"XXLKW Secure Parking Elbebr\u00fccke A9","url":"https:\/\/www.xxlkw-parking.de\/sk\/","logo":{"@type":"ImageObject","inLanguage":"sk-SK","@id":"https:\/\/www.xxlkw-parking.de\/sk\/#\/schema\/logo\/image\/","url":"https:\/\/www.xxlkw-parking.de\/wp-content\/uploads\/2022\/10\/Logo-XXLKW.png","contentUrl":"https:\/\/www.xxlkw-parking.de\/wp-content\/uploads\/2022\/10\/Logo-XXLKW.png","width":893,"height":346,"caption":"XXLKW Secure Parking Elbebr\u00fccke A9"},"image":{"@id":"https:\/\/www.xxlkw-parking.de\/sk\/#\/schema\/logo\/image\/"}}]}},"taxonomy_info":[],"featured_image_src_large":false,"author_info":{"display_name":"linda","author_link":"https:\/\/www.xxlkw-parking.de\/sk\/author\/linda\/"},"comment_info":0,"_links":{"self":[{"href":"https:\/\/www.xxlkw-parking.de\/sk\/wp-json\/wp\/v2\/pages\/15628","targetHints":{"allow":["GET"]}}],"collection":[{"href":"https:\/\/www.xxlkw-parking.de\/sk\/wp-json\/wp\/v2\/pages"}],"about":[{"href":"https:\/\/www.xxlkw-parking.de\/sk\/wp-json\/wp\/v2\/types\/page"}],"author":[{"embeddable":true,"href":"https:\/\/www.xxlkw-parking.de\/sk\/wp-json\/wp\/v2\/users\/1"}],"replies":[{"embeddable":true,"href":"https:\/\/www.xxlkw-parking.de\/sk\/wp-json\/wp\/v2\/comments?post=15628"}],"version-history":[{"count":2,"href":"https:\/\/www.xxlkw-parking.de\/sk\/wp-json\/wp\/v2\/pages\/15628\/revisions"}],"predecessor-version":[{"id":15632,"href":"https:\/\/www.xxlkw-parking.de\/sk\/wp-json\/wp\/v2\/pages\/15628\/revisions\/15632"}],"wp:attachment":[{"href":"https:\/\/www.xxlkw-parking.de\/sk\/wp-json\/wp\/v2\/media?parent=15628"}],"curies":[{"name":"wp","href":"https:\/\/api.w.org\/{rel}","templated":true}]}}