{"id":2544,"date":"2022-10-21T14:25:06","date_gmt":"2022-10-21T12:25:06","guid":{"rendered":"https:\/\/www.xxlkw-parking.de\/odtlacok\/"},"modified":"2022-12-23T16:15:35","modified_gmt":"2022-12-23T15:15:35","slug":"odtlacok","status":"publish","type":"page","link":"https:\/\/www.xxlkw-parking.de\/sk\/odtlacok\/","title":{"rendered":"Odtla\u010dok"},"content":{"rendered":"\n<div style=\"height:100px\" aria-hidden=\"true\" class=\"wp-block-spacer\"><\/div>\n\n\n\n<div class=\"wp-block-columns is-layout-flex wp-container-core-columns-is-layout-9d6595d7 wp-block-columns-is-layout-flex\">\n<div class=\"wp-block-column breite is-layout-flow wp-block-column-is-layout-flow\">\n<div class=\"wp-block-group\"><div class=\"wp-block-group__inner-container is-layout-flow wp-block-group-is-layout-flow\">\n<h2 class=\"has-text-align-left wp-block-heading\">Odtla\u010dok<\/h2>\n\n\n\n<p class=\"has-text-align-left\"><strong>Inform\u00e1cie pod\u013ea \u00a7 5 TMG<\/strong><br><br>XXLKW Bezpe\u010dn\u00e9 parkovanie Elbebr\u00fccke GmbH<br>Raiffeisenallee 6a<br>82041 Oberhaching<\/p>\n\n\n\n<p class=\"has-text-align-left\">Telef\u00f3n: <a href=\"tel:\/\/+49%2089%20665197%20-%200\">+49 89 665197 &#8211; 0<\/a><br>Fax: <a href=\"tel:\/\/+49%2089%20665197%20-%2070\">+49 89 665197 &#8211; 70<\/a><br><\/p>\n\n\n\n<p><strong>Zast\u00fapen\u00fd<\/strong><br>V\u00fdkonn\u00fd riadite\u013e: Gerhard Hauptstein<br>Zap\u00edsan\u00e1 na Miestnom s\u00fade v Mn\u00edchove, HRB 197928<\/p>\n<\/div><\/div>\n\n\n\n<p><strong>Upozornenie na autorsk\u00e9 pr\u00e1va k obr\u00e1zkom<\/strong><br>Sn\u00edmka z dronu: <strong>\u00a9<\/strong> Enrico Reglin<br>N\u00e1kladiak: <strong>\u00a9<\/strong> littlewolf1989\/stock.adobe.com<br><br><strong>Webov\u00fd dizajn a programovanie<\/strong><br><a href=\"https:\/\/www.mabeny.de\" target=\"_blank\" rel=\"noreferrer noopener\">www.mabeny<\/a><a href=\"https:\/\/www.mabeny.de\">.de<\/a><\/p>\n\n\n\n<div class=\"wp-block-group\"><div class=\"wp-block-group__inner-container is-layout-flow wp-block-group-is-layout-flow\">\n<p><\/p>\n\n\n\n<div style=\"height:80px\" aria-hidden=\"true\" class=\"wp-block-spacer\"><\/div>\n<\/div><\/div>\n<\/div>\n<\/div>\n","protected":false},"excerpt":{"rendered":"<p>Odtla\u010dok Inform\u00e1cie pod\u013ea \u00a7 5 TMG XXLKW Bezpe\u010dn\u00e9 parkovanie Elbebr\u00fccke GmbHRaiffeisenallee 6a82041 Oberhaching Telef\u00f3n: +49 89 665197 &#8211; 0Fax: +49 89 665197 &#8211; 70 Zast\u00fapen\u00fdV\u00fdkonn\u00fd riadite\u013e: Gerhard HauptsteinZap\u00edsan\u00e1 na Miestnom s\u00fade v Mn\u00edchove, HRB 197928 Upozornenie na autorsk\u00e9 pr\u00e1va k obr\u00e1zkomSn\u00edmka z dronu: \u00a9 Enrico ReglinN\u00e1kladiak: \u00a9 littlewolf1989\/stock.adobe.com Webov\u00fd dizajn a programovaniewww.mabeny.de<\/p>\n","protected":false},"author":1,"featured_media":0,"parent":0,"menu_order":0,"comment_status":"closed","ping_status":"closed","template":"","meta":{"_kad_blocks_custom_css":"","_kad_blocks_head_custom_js":"","_kad_blocks_body_custom_js":"","_kad_blocks_footer_custom_js":"","_kad_post_transparent":"","_kad_post_title":"","_kad_post_layout":"","_kad_post_sidebar_id":"","_kad_post_content_style":"","_kad_post_vertical_padding":"","_kad_post_feature":"","_kad_post_feature_position":"","_kad_post_header":false,"_kad_post_footer":false,"footnotes":""},"class_list":["post-2544","page","type-page","status-publish","hentry"],"yoast_head":"<!-- This site is optimized with the Yoast SEO plugin v27.3 - https:\/\/yoast.com\/product\/yoast-seo-wordpress\/ -->\n<title>Odtla\u010dok - XXLKW Secure Parking Elbebr\u00fccke A9<\/title>\n<meta name=\"robots\" content=\"noindex, nofollow\" \/>\n<meta property=\"og:locale\" content=\"sk_SK\" \/>\n<meta property=\"og:type\" content=\"article\" \/>\n<meta property=\"og:title\" content=\"Odtla\u010dok - XXLKW Secure Parking Elbebr\u00fccke A9\" \/>\n<meta property=\"og:description\" content=\"Odtla\u010dok Inform\u00e1cie pod\u013ea \u00a7 5 TMG XXLKW Bezpe\u010dn\u00e9 parkovanie Elbebr\u00fccke GmbHRaiffeisenallee 6a82041 Oberhaching Telef\u00f3n: +49 89 665197 &#8211; 0Fax: +49 89 665197 &#8211; 70 Zast\u00fapen\u00fdV\u00fdkonn\u00fd riadite\u013e: Gerhard HauptsteinZap\u00edsan\u00e1 na Miestnom s\u00fade v Mn\u00edchove, HRB 197928 Upozornenie na autorsk\u00e9 pr\u00e1va k obr\u00e1zkomSn\u00edmka z dronu: \u00a9 Enrico ReglinN\u00e1kladiak: \u00a9 littlewolf1989\/stock.adobe.com Webov\u00fd dizajn a programovaniewww.mabeny.de\" \/>\n<meta property=\"og:url\" content=\"https:\/\/www.xxlkw-parking.de\/sk\/odtlacok\/\" \/>\n<meta property=\"og:site_name\" content=\"XXLKW Secure Parking Elbebr\u00fccke A9\" \/>\n<meta property=\"article:modified_time\" content=\"2022-12-23T15:15:35+00:00\" \/>\n<meta name=\"twitter:card\" content=\"summary_large_image\" \/>\n<meta name=\"twitter:label1\" content=\"Predpokladan\u00fd \u010das \u010d\u00edtania\" \/>\n\t<meta name=\"twitter:data1\" content=\"1 min\u00fata\" \/>\n<script type=\"application\/ld+json\" class=\"yoast-schema-graph\">{\"@context\":\"https:\\\/\\\/schema.org\",\"@graph\":[{\"@type\":\"WebPage\",\"@id\":\"https:\\\/\\\/www.xxlkw-parking.de\\\/sk\\\/odtlacok\\\/\",\"url\":\"https:\\\/\\\/www.xxlkw-parking.de\\\/sk\\\/odtlacok\\\/\",\"name\":\"Odtla\u010dok - XXLKW Secure Parking Elbebr\u00fccke A9\",\"isPartOf\":{\"@id\":\"https:\\\/\\\/www.xxlkw-parking.de\\\/sk\\\/#website\"},\"datePublished\":\"2022-10-21T12:25:06+00:00\",\"dateModified\":\"2022-12-23T15:15:35+00:00\",\"breadcrumb\":{\"@id\":\"https:\\\/\\\/www.xxlkw-parking.de\\\/sk\\\/odtlacok\\\/#breadcrumb\"},\"inLanguage\":\"sk-SK\",\"potentialAction\":[{\"@type\":\"ReadAction\",\"target\":[\"https:\\\/\\\/www.xxlkw-parking.de\\\/sk\\\/odtlacok\\\/\"]}]},{\"@type\":\"BreadcrumbList\",\"@id\":\"https:\\\/\\\/www.xxlkw-parking.de\\\/sk\\\/odtlacok\\\/#breadcrumb\",\"itemListElement\":[{\"@type\":\"ListItem\",\"position\":1,\"name\":\"Startseite\",\"item\":\"https:\\\/\\\/www.xxlkw-parking.de\\\/sk\\\/\"},{\"@type\":\"ListItem\",\"position\":2,\"name\":\"Odtla\u010dok\"}]},{\"@type\":\"WebSite\",\"@id\":\"https:\\\/\\\/www.xxlkw-parking.de\\\/sk\\\/#website\",\"url\":\"https:\\\/\\\/www.xxlkw-parking.de\\\/sk\\\/\",\"name\":\"XXLKW Secure Parking Elbebr\u00fccke A9\",\"description\":\"LKW Parkplatz A9, Ausfahrt Vockerode\",\"publisher\":{\"@id\":\"https:\\\/\\\/www.xxlkw-parking.de\\\/sk\\\/#organization\"},\"potentialAction\":[{\"@type\":\"SearchAction\",\"target\":{\"@type\":\"EntryPoint\",\"urlTemplate\":\"https:\\\/\\\/www.xxlkw-parking.de\\\/sk\\\/?s={search_term_string}\"},\"query-input\":{\"@type\":\"PropertyValueSpecification\",\"valueRequired\":true,\"valueName\":\"search_term_string\"}}],\"inLanguage\":\"sk-SK\"},{\"@type\":\"Organization\",\"@id\":\"https:\\\/\\\/www.xxlkw-parking.de\\\/sk\\\/#organization\",\"name\":\"XXLKW Secure Parking Elbebr\u00fccke A9\",\"url\":\"https:\\\/\\\/www.xxlkw-parking.de\\\/sk\\\/\",\"logo\":{\"@type\":\"ImageObject\",\"inLanguage\":\"sk-SK\",\"@id\":\"https:\\\/\\\/www.xxlkw-parking.de\\\/sk\\\/#\\\/schema\\\/logo\\\/image\\\/\",\"url\":\"https:\\\/\\\/www.xxlkw-parking.de\\\/wp-content\\\/uploads\\\/2022\\\/10\\\/Logo-XXLKW.png\",\"contentUrl\":\"https:\\\/\\\/www.xxlkw-parking.de\\\/wp-content\\\/uploads\\\/2022\\\/10\\\/Logo-XXLKW.png\",\"width\":893,\"height\":346,\"caption\":\"XXLKW Secure Parking Elbebr\u00fccke A9\"},\"image\":{\"@id\":\"https:\\\/\\\/www.xxlkw-parking.de\\\/sk\\\/#\\\/schema\\\/logo\\\/image\\\/\"}}]}<\/script>\n<!-- \/ Yoast SEO plugin. -->","yoast_head_json":{"title":"Odtla\u010dok - XXLKW Secure Parking Elbebr\u00fccke A9","robots":{"index":"noindex","follow":"nofollow"},"og_locale":"sk_SK","og_type":"article","og_title":"Odtla\u010dok - XXLKW Secure Parking Elbebr\u00fccke A9","og_description":"Odtla\u010dok Inform\u00e1cie pod\u013ea \u00a7 5 TMG XXLKW Bezpe\u010dn\u00e9 parkovanie Elbebr\u00fccke GmbHRaiffeisenallee 6a82041 Oberhaching Telef\u00f3n: +49 89 665197 &#8211; 0Fax: +49 89 665197 &#8211; 70 Zast\u00fapen\u00fdV\u00fdkonn\u00fd riadite\u013e: Gerhard HauptsteinZap\u00edsan\u00e1 na Miestnom s\u00fade v Mn\u00edchove, HRB 197928 Upozornenie na autorsk\u00e9 pr\u00e1va k obr\u00e1zkomSn\u00edmka z dronu: \u00a9 Enrico ReglinN\u00e1kladiak: \u00a9 littlewolf1989\/stock.adobe.com Webov\u00fd dizajn a programovaniewww.mabeny.de","og_url":"https:\/\/www.xxlkw-parking.de\/sk\/odtlacok\/","og_site_name":"XXLKW Secure Parking Elbebr\u00fccke A9","article_modified_time":"2022-12-23T15:15:35+00:00","twitter_card":"summary_large_image","twitter_misc":{"Predpokladan\u00fd \u010das \u010d\u00edtania":"1 min\u00fata"},"schema":{"@context":"https:\/\/schema.org","@graph":[{"@type":"WebPage","@id":"https:\/\/www.xxlkw-parking.de\/sk\/odtlacok\/","url":"https:\/\/www.xxlkw-parking.de\/sk\/odtlacok\/","name":"Odtla\u010dok - XXLKW Secure Parking Elbebr\u00fccke A9","isPartOf":{"@id":"https:\/\/www.xxlkw-parking.de\/sk\/#website"},"datePublished":"2022-10-21T12:25:06+00:00","dateModified":"2022-12-23T15:15:35+00:00","breadcrumb":{"@id":"https:\/\/www.xxlkw-parking.de\/sk\/odtlacok\/#breadcrumb"},"inLanguage":"sk-SK","potentialAction":[{"@type":"ReadAction","target":["https:\/\/www.xxlkw-parking.de\/sk\/odtlacok\/"]}]},{"@type":"BreadcrumbList","@id":"https:\/\/www.xxlkw-parking.de\/sk\/odtlacok\/#breadcrumb","itemListElement":[{"@type":"ListItem","position":1,"name":"Startseite","item":"https:\/\/www.xxlkw-parking.de\/sk\/"},{"@type":"ListItem","position":2,"name":"Odtla\u010dok"}]},{"@type":"WebSite","@id":"https:\/\/www.xxlkw-parking.de\/sk\/#website","url":"https:\/\/www.xxlkw-parking.de\/sk\/","name":"XXLKW Secure Parking Elbebr\u00fccke A9","description":"LKW Parkplatz A9, Ausfahrt Vockerode","publisher":{"@id":"https:\/\/www.xxlkw-parking.de\/sk\/#organization"},"potentialAction":[{"@type":"SearchAction","target":{"@type":"EntryPoint","urlTemplate":"https:\/\/www.xxlkw-parking.de\/sk\/?s={search_term_string}"},"query-input":{"@type":"PropertyValueSpecification","valueRequired":true,"valueName":"search_term_string"}}],"inLanguage":"sk-SK"},{"@type":"Organization","@id":"https:\/\/www.xxlkw-parking.de\/sk\/#organization","name":"XXLKW Secure Parking Elbebr\u00fccke A9","url":"https:\/\/www.xxlkw-parking.de\/sk\/","logo":{"@type":"ImageObject","inLanguage":"sk-SK","@id":"https:\/\/www.xxlkw-parking.de\/sk\/#\/schema\/logo\/image\/","url":"https:\/\/www.xxlkw-parking.de\/wp-content\/uploads\/2022\/10\/Logo-XXLKW.png","contentUrl":"https:\/\/www.xxlkw-parking.de\/wp-content\/uploads\/2022\/10\/Logo-XXLKW.png","width":893,"height":346,"caption":"XXLKW Secure Parking Elbebr\u00fccke A9"},"image":{"@id":"https:\/\/www.xxlkw-parking.de\/sk\/#\/schema\/logo\/image\/"}}]}},"taxonomy_info":[],"featured_image_src_large":false,"author_info":{"display_name":"linda","author_link":"https:\/\/www.xxlkw-parking.de\/sk\/author\/linda\/"},"comment_info":0,"_links":{"self":[{"href":"https:\/\/www.xxlkw-parking.de\/sk\/wp-json\/wp\/v2\/pages\/2544","targetHints":{"allow":["GET"]}}],"collection":[{"href":"https:\/\/www.xxlkw-parking.de\/sk\/wp-json\/wp\/v2\/pages"}],"about":[{"href":"https:\/\/www.xxlkw-parking.de\/sk\/wp-json\/wp\/v2\/types\/page"}],"author":[{"embeddable":true,"href":"https:\/\/www.xxlkw-parking.de\/sk\/wp-json\/wp\/v2\/users\/1"}],"replies":[{"embeddable":true,"href":"https:\/\/www.xxlkw-parking.de\/sk\/wp-json\/wp\/v2\/comments?post=2544"}],"version-history":[{"count":3,"href":"https:\/\/www.xxlkw-parking.de\/sk\/wp-json\/wp\/v2\/pages\/2544\/revisions"}],"predecessor-version":[{"id":2934,"href":"https:\/\/www.xxlkw-parking.de\/sk\/wp-json\/wp\/v2\/pages\/2544\/revisions\/2934"}],"wp:attachment":[{"href":"https:\/\/www.xxlkw-parking.de\/sk\/wp-json\/wp\/v2\/media?parent=2544"}],"curies":[{"name":"wp","href":"https:\/\/api.w.org\/{rel}","templated":true}]}}