{"id":15642,"date":"2024-09-03T20:50:06","date_gmt":"2024-09-03T18:50:06","guid":{"rendered":"https:\/\/www.xxlkw-parking.de\/%d0%bd%d0%be%d0%b2%d0%b8%d0%bd%d0%b8-%d0%b4%d0%b0%d0%bb%d0%b5%d0%ba%d0%be%d0%b1%d1%96%d0%b9%d0%bd%d0%b8%d0%ba%d1%96%d0%b2\/"},"modified":"2024-09-11T19:08:30","modified_gmt":"2024-09-11T17:08:30","slug":"%d0%bd%d0%be%d0%b2%d0%b8%d0%bd%d0%b8-%d0%b4%d0%b0%d0%bb%d0%b5%d0%ba%d0%be%d0%b1%d1%96%d0%b9%d0%bd%d0%b8%d0%ba%d1%96%d0%b2","status":"publish","type":"page","link":"https:\/\/www.xxlkw-parking.de\/uk\/%d0%bd%d0%be%d0%b2%d0%b8%d0%bd%d0%b8-%d0%b4%d0%b0%d0%bb%d0%b5%d0%ba%d0%be%d0%b1%d1%96%d0%b9%d0%bd%d0%b8%d0%ba%d1%96%d0%b2\/","title":{"rendered":"\u041d\u043e\u0432\u0438\u043d\u0438 \u0434\u0430\u043b\u0435\u043a\u043e\u0431\u0456\u0439\u043d\u0438\u043a\u0456\u0432"},"content":{"rendered":"<style>.kb-row-layout-id15413_190a27-61 > .kt-row-column-wrap{align-content:start;}:where(.kb-row-layout-id15413_190a27-61 > .kt-row-column-wrap) > .wp-block-kadence-column{justify-content:start;}.kb-row-layout-id15413_190a27-61 > .kt-row-column-wrap{column-gap:var(--global-kb-gap-md, 2rem);row-gap:var(--global-kb-gap-md, 2rem);padding-top:var(--global-kb-spacing-sm, 1.5rem);padding-bottom:var(--global-kb-spacing-sm, 1.5rem);grid-template-columns:minmax(0, 1fr);}.kb-row-layout-id15413_190a27-61 > .kt-row-layout-overlay{opacity:0.30;}@media all and (max-width: 1024px){.kb-row-layout-id15413_190a27-61 > .kt-row-column-wrap{grid-template-columns:minmax(0, 1fr);}}@media all and (max-width: 767px){.kb-row-layout-id15413_190a27-61 > .kt-row-column-wrap{grid-template-columns:minmax(0, 1fr);}}<\/style><div class=\"kb-row-layout-wrap kb-row-layout-id15413_190a27-61 alignnone breite wp-block-kadence-rowlayout\"><div class=\"kt-row-column-wrap kt-has-1-columns kt-row-layout-equal kt-tab-layout-inherit kt-mobile-layout-row kt-row-valign-top\">\n<style>.kadence-column15413_d64c82-65 > .kt-inside-inner-col,.kadence-column15413_d64c82-65 > .kt-inside-inner-col:before{border-top-left-radius:0px;border-top-right-radius:0px;border-bottom-right-radius:0px;border-bottom-left-radius:0px;}.kadence-column15413_d64c82-65 > .kt-inside-inner-col{column-gap:var(--global-kb-gap-sm, 1rem);}.kadence-column15413_d64c82-65 > .kt-inside-inner-col{flex-direction:column;}.kadence-column15413_d64c82-65 > .kt-inside-inner-col > .aligncenter{width:100%;}.kadence-column15413_d64c82-65 > .kt-inside-inner-col:before{opacity:0.3;}.kadence-column15413_d64c82-65{position:relative;}@media all and (max-width: 1024px){.kadence-column15413_d64c82-65 > .kt-inside-inner-col{flex-direction:column;justify-content:center;}}@media all and (max-width: 767px){.kadence-column15413_d64c82-65 > .kt-inside-inner-col{flex-direction:column;justify-content:center;}}<\/style>\n<div class=\"wp-block-kadence-column kadence-column15413_d64c82-65\"><div class=\"kt-inside-inner-col\">\n<h1 class=\"wp-block-heading has-text-align-center neww\">\u041d\u041e\u0412\u0418\u041d\u0418 \u041f\u0415\u0420\u0415\u0412\u0406\u0417\u041d\u0418\u041a\u0406\u0412<\/h1>\n\n\n<style>.kb-posts-id-15413_af73a6-a9 .kb-post-list-item{display:grid;}<\/style><ul class=\"wp-block-kadence-posts kb-posts kadence-posts-list kb-posts-id-15413_af73a6-a9 content-wrap grid-cols kb-posts-style-boxed grid-sm-col-2 grid-lg-col-2 item-image-style-above\"><li class=\"kb-post-list-item\">\n\t<article class=\"entry content-bg loop-entry post-15658 post type-post status-publish format-standard has-post-thumbnail hentry category-trucker-news-uk category-13\">\n\t\t\t\t<a aria-hidden=\"true\" tabindex=\"-1\" role=\"presentation\" class=\"post-thumbnail kadence-thumbnail-ratio-2-3\" href=\"https:\/\/www.xxlkw-parking.de\/uk\/xxlkw-parking-%d0%bf%d0%b0%d1%80%d1%82%d0%bd%d0%b5%d1%80-%d0%ba%d0%be%d0%bd%d1%84%d0%b5%d1%80%d0%b5%d0%bd%d1%86%d1%96%d1%97-100-ceo-%d1%83-%d0%b2%d0%b0%d1%80%d1%88%d0%b0%d0%b2%d1%96\/\" aria-label=\"XXLKW Parking &#8211; \u043f\u0430\u0440\u0442\u043d\u0435\u0440 \u043a\u043e\u043d\u0444\u0435\u0440\u0435\u043d\u0446\u0456\u0457 100 CEO \u0443 \u0412\u0430\u0440\u0448\u0430\u0432\u0456\">\n\t\t\t<div class=\"post-thumbnail-inner\">\n\t\t\t\t<img decoding=\"async\" width=\"768\" height=\"402\" src=\"https:\/\/www.xxlkw-parking.de\/wp-content\/uploads\/2024\/09\/1200x628_CEO_xxlKW-768x402.jpg\" class=\"attachment-medium_large size-medium_large wp-post-image\" alt=\"XXLKW Parking als Partner auf der 100 CEOs Conference in Warschau\" \/>\t\t\t<\/div>\n\t\t<\/a><!-- .post-thumbnail -->\n\t\t\t\t<div class=\"entry-content-wrap\">\n\t\t\t<header class=\"entry-header\">\n\t\t<div class=\"entry-taxonomies\">\n\t\t<span class=\"category-links term-links category-style-normal\">\n\t\t\t<a href=\"https:\/\/www.xxlkw-parking.de\/uk\/category\/trucker-news-uk\/\" class=\"category-link-trucker-news-uk\" rel=\"tag\">Trucker-News<\/a> | <a href=\"https:\/\/www.xxlkw-parking.de\/uk\/category\/%d0%b1%d0%b5%d0%b7-%d0%ba%d0%b0%d1%82%d0%b5%d0%b3%d0%be%d1%80%d1%96%d1%97\/\" class=\"category-link-%d0%b1%d0%b5%d0%b7-%d0%ba%d0%b0%d1%82%d0%b5%d0%b3%d0%be%d1%80%d1%96%d1%97\" rel=\"tag\">\u0411\u0435\u0437 \u043a\u0430\u0442\u0435\u0433\u043e\u0440\u0456\u0457<\/a>\t\t<\/span>\n\t<\/div><!-- .entry-taxonomies -->\n\t<h2 class=\"entry-title\"><a href=\"https:\/\/www.xxlkw-parking.de\/uk\/xxlkw-parking-%d0%bf%d0%b0%d1%80%d1%82%d0%bd%d0%b5%d1%80-%d0%ba%d0%be%d0%bd%d1%84%d0%b5%d1%80%d0%b5%d0%bd%d1%86%d1%96%d1%97-100-ceo-%d1%83-%d0%b2%d0%b0%d1%80%d1%88%d0%b0%d0%b2%d1%96\/\" rel=\"bookmark\">XXLKW Parking &#8211; \u043f\u0430\u0440\u0442\u043d\u0435\u0440 \u043a\u043e\u043d\u0444\u0435\u0440\u0435\u043d\u0446\u0456\u0457 100 CEO \u0443 \u0412\u0430\u0440\u0448\u0430\u0432\u0456<\/a><\/h2>\t<div class=\"entry-meta entry-meta-divider-dot\">\n\t\t\t\t<span class=\"posted-on\">\n\t\t\t\t<time class=\"entry-date published\" datetime=\"2024-09-11T18:16:01+02:00\">11.09.2024<\/time><time class=\"updated\" datetime=\"2024-09-11T19:22:12+02:00\">11.09.2024<\/time>\t\t\t<\/span>\n\t\t\t\t<\/div><!-- .entry-meta -->\n\t<\/header><!-- .entry-header -->\n\t<div class=\"entry-summary\">\n\t\t<p>\u0426\u044c\u043e\u0433\u043e \u0442\u0438\u0436\u043d\u044f \u0443 \u043d\u0430\u0441 \u0454 \u0447\u0443\u0434\u043e\u0432\u0430 \u043d\u043e\u0432\u0438\u043d\u0430! XXLKW Secure Parking Elbebr\u00fccke GmbH \u043f\u0438\u0448\u0430\u0454\u0442\u044c\u0441\u044f \u0442\u0438\u043c, \u0449\u043e \u0454 \u043f\u0430\u0440\u0442\u043d\u0435\u0440\u043e\u043c \u043a\u043e\u043d\u0444\u0435\u0440\u0435\u043d\u0446\u0456\u0457 100 CEO \u0443 \u0412\u0430\u0440\u0448\u0430\u0432\u0456: \u041a\u043e\u043d\u0444\u0435\u0440\u0435\u043d\u0446\u0456\u044f 100 \u043a\u0435\u0440\u0456\u0432\u043d\u0438\u043a\u0456\u0432 \u0442\u0440\u0430\u043d\u0441\u043f\u043e\u0440\u0442\u043d\u0438\u0445 \u0456 \u043b\u043e\u0433\u0456\u0441\u0442\u0438\u0447\u043d\u0438\u0445 \u043a\u043e\u043c\u043f\u0430\u043d\u0456\u0439 | 12 \u0432\u0435\u0440\u0435\u0441\u043d\u044f | \u0412\u0410\u0420\u0428\u0410\u0412\u0410 (transport-manager.pl). \u0426\u044f \u0432\u0430\u0436\u043b\u0438\u0432\u0430 \u043f\u043e\u0434\u0456\u044f \u043e\u0431&#8217;\u0454\u0434\u043d\u0443\u0454 \u043f\u0440\u043e\u0432\u0456\u0434\u043d\u0456 \u0443\u043c\u0438 \u0442\u0440\u0430\u043d\u0441\u043f\u043e\u0440\u0442\u043d\u043e\u0457 \u0442\u0430 \u043b\u043e\u0433\u0456\u0441\u0442\u0438\u0447\u043d\u043e\u0457 \u0433\u0430\u043b\u0443\u0437\u0456, \u0449\u043e\u0431 \u043e\u0431\u0433\u043e\u0432\u043e\u0440\u0438\u0442\u0438 \u043c\u0430\u0439\u0431\u0443\u0442\u043d\u0454 \u0441\u0435\u043a\u0442\u043e\u0440\u0443. \u0429\u043e \u0442\u0430\u043a\u0435 \u043a\u043e\u043d\u0444\u0435\u0440\u0435\u043d\u0446\u0456\u044f 100 CEO? \u041a\u043e\u043d\u0444\u0435\u0440\u0435\u043d\u0446\u0456\u044f&#8230;<\/p>\n\t<\/div><!-- .entry-summary -->\n\t<footer class=\"entry-footer\">\n\t\t\t<div class=\"entry-actions\">\n\t\t\t<p class=\"more-link-wrap\">\n\t\t\t\t<a href=\"https:\/\/www.xxlkw-parking.de\/uk\/xxlkw-parking-%d0%bf%d0%b0%d1%80%d1%82%d0%bd%d0%b5%d1%80-%d0%ba%d0%be%d0%bd%d1%84%d0%b5%d1%80%d0%b5%d0%bd%d1%86%d1%96%d1%97-100-ceo-%d1%83-%d0%b2%d0%b0%d1%80%d1%88%d0%b0%d0%b2%d1%96\/\" class=\"post-more-link\">\n\t\t\t\t\tRead More<span class=\"screen-reader-text\"> XXLKW Parking &#8211; \u043f\u0430\u0440\u0442\u043d\u0435\u0440 \u043a\u043e\u043d\u0444\u0435\u0440\u0435\u043d\u0446\u0456\u0457 100 CEO \u0443 \u0412\u0430\u0440\u0448\u0430\u0432\u0456<\/span><span class=\"kadence-svg-iconset svg-baseline\"><svg aria-hidden=\"true\" class=\"kadence-svg-icon kadence-arrow-right-alt-svg\" fill=\"currentColor\" version=\"1.1\" xmlns=\"http:\/\/www.w3.org\/2000\/svg\" width=\"27\" height=\"28\" viewBox=\"0 0 27 28\"><title>Continue<\/title><path d=\"M27 13.953c0 0.141-0.063 0.281-0.156 0.375l-6 5.531c-0.156 0.141-0.359 0.172-0.547 0.094-0.172-0.078-0.297-0.25-0.297-0.453v-3.5h-19.5c-0.281 0-0.5-0.219-0.5-0.5v-3c0-0.281 0.219-0.5 0.5-0.5h19.5v-3.5c0-0.203 0.109-0.375 0.297-0.453s0.391-0.047 0.547 0.078l6 5.469c0.094 0.094 0.156 0.219 0.156 0.359v0z\"><\/path>\n\t\t\t<\/svg><\/span>\t\t\t\t<\/a>\n\t\t\t<\/p>\n\t\t<\/div><!-- .entry-actions -->\n\t\t<\/footer><!-- .entry-footer -->\t\t<\/div>\n\t<\/article>\n<\/li>\n<li class=\"kb-post-list-item\">\n\t<article class=\"entry content-bg loop-entry post-15763 post type-post status-publish format-standard has-post-thumbnail hentry category-trucker-news-uk category-13\">\n\t\t\t\t<a aria-hidden=\"true\" tabindex=\"-1\" role=\"presentation\" class=\"post-thumbnail kadence-thumbnail-ratio-2-3\" href=\"https:\/\/www.xxlkw-parking.de\/uk\/%d1%87%d1%83%d0%b4%d0%be%d0%b2%d0%b0-%d0%bd%d0%be%d0%b2%d0%b8%d0%bd%d0%b0-%d0%b4%d0%bb%d1%8f-%d0%b2%d1%81%d1%96%d1%85-%d0%b2%d0%be%d0%b4%d1%96%d1%97%d0%b2-%d0%b2%d0%b0%d0%bd%d1%82%d0%b0%d0%b6%d1%96\/\" aria-label=\"\u0427\u0443\u0434\u043e\u0432\u0430 \u043d\u043e\u0432\u0438\u043d\u0430 \u0434\u043b\u044f \u0432\u0441\u0456\u0445 \u0432\u043e\u0434\u0456\u0457\u0432 \u0432\u0430\u043d\u0442\u0430\u0436\u0456\u0432\u043e\u043a: \u0432\u0430\u0443\u0447\u0435\u0440 \u043d\u0430 5 \u0454\u0432\u0440\u043e \u0432\u0436\u0435 \u0442\u0443\u0442!\">\n\t\t\t<div class=\"post-thumbnail-inner\">\n\t\t\t\t<img decoding=\"async\" width=\"768\" height=\"768\" src=\"https:\/\/www.xxlkw-parking.de\/wp-content\/uploads\/2024\/09\/Bild-Voucher-Beitrag-Trucker-im-Shop-768x768.jpg\" class=\"attachment-medium_large size-medium_large wp-post-image\" alt=\"Trucker im Shop von XXLKW Secure Parking Elbebr\u00fccke. Er h\u00e4lt ein Parkticket in den H\u00e4nden w\u00e4hrend er am Tisch sitzt.\" \/>\t\t\t<\/div>\n\t\t<\/a><!-- .post-thumbnail -->\n\t\t\t\t<div class=\"entry-content-wrap\">\n\t\t\t<header class=\"entry-header\">\n\t\t<div class=\"entry-taxonomies\">\n\t\t<span class=\"category-links term-links category-style-normal\">\n\t\t\t<a href=\"https:\/\/www.xxlkw-parking.de\/uk\/category\/trucker-news-uk\/\" class=\"category-link-trucker-news-uk\" rel=\"tag\">Trucker-News<\/a> | <a href=\"https:\/\/www.xxlkw-parking.de\/uk\/category\/%d0%b1%d0%b5%d0%b7-%d0%ba%d0%b0%d1%82%d0%b5%d0%b3%d0%be%d1%80%d1%96%d1%97\/\" class=\"category-link-%d0%b1%d0%b5%d0%b7-%d0%ba%d0%b0%d1%82%d0%b5%d0%b3%d0%be%d1%80%d1%96%d1%97\" rel=\"tag\">\u0411\u0435\u0437 \u043a\u0430\u0442\u0435\u0433\u043e\u0440\u0456\u0457<\/a>\t\t<\/span>\n\t<\/div><!-- .entry-taxonomies -->\n\t<h2 class=\"entry-title\"><a href=\"https:\/\/www.xxlkw-parking.de\/uk\/%d1%87%d1%83%d0%b4%d0%be%d0%b2%d0%b0-%d0%bd%d0%be%d0%b2%d0%b8%d0%bd%d0%b0-%d0%b4%d0%bb%d1%8f-%d0%b2%d1%81%d1%96%d1%85-%d0%b2%d0%be%d0%b4%d1%96%d1%97%d0%b2-%d0%b2%d0%b0%d0%bd%d1%82%d0%b0%d0%b6%d1%96\/\" rel=\"bookmark\">\u0427\u0443\u0434\u043e\u0432\u0430 \u043d\u043e\u0432\u0438\u043d\u0430 \u0434\u043b\u044f \u0432\u0441\u0456\u0445 \u0432\u043e\u0434\u0456\u0457\u0432 \u0432\u0430\u043d\u0442\u0430\u0436\u0456\u0432\u043e\u043a: \u0432\u0430\u0443\u0447\u0435\u0440 \u043d\u0430 5 \u0454\u0432\u0440\u043e \u0432\u0436\u0435 \u0442\u0443\u0442!<\/a><\/h2>\t<div class=\"entry-meta entry-meta-divider-dot\">\n\t\t\t\t<span class=\"posted-on\">\n\t\t\t\t<time class=\"entry-date published\" datetime=\"2024-09-03T20:46:50+02:00\">03.09.2024<\/time><time class=\"updated\" datetime=\"2024-09-11T20:06:00+02:00\">11.09.2024<\/time>\t\t\t<\/span>\n\t\t\t\t<\/div><!-- .entry-meta -->\n\t<\/header><!-- .entry-header -->\n\t<div class=\"entry-summary\">\n\t\t<p>\u0428\u0430\u043d\u043e\u0432\u043d\u0456 \u0432\u043e\u0434\u0456\u0457 \u0432\u0430\u043d\u0442\u0430\u0436\u0456\u0432\u043e\u043a, \u041f\u0456\u0441\u043b\u044f \u0431\u0430\u0433\u0430\u0442\u044c\u043e\u0445 \u0437\u0430\u043f\u0438\u0442\u0456\u0432 \u0442\u0430 \u043f\u0440\u043e\u043f\u043e\u0437\u0438\u0446\u0456\u0439 \u043c\u0438 \u0440\u0430\u0434\u0456 \u043f\u043e\u0432\u0456\u0434\u043e\u043c\u0438\u0442\u0438 \u0432\u0430\u043c \u0447\u0443\u0434\u043e\u0432\u0443 \u043d\u043e\u0432\u0438\u043d\u0443: \u041d\u0430\u0448 \u043d\u043e\u0432\u0438\u0439 \u0432\u0430\u0443\u0447\u0435\u0440 \u043d\u0430 5 \u0454\u0432\u0440\u043e \u0434\u043b\u044f \u0432\u0456\u0434\u0432\u0456\u0434\u0443\u0432\u0430\u043d\u043d\u044f \u043d\u0430\u0448\u043e\u0433\u043e \u043c\u0430\u0433\u0430\u0437\u0438\u043d\u0443 \u043d\u0430 \u043e\u0445\u043e\u0440\u043e\u043d\u044e\u0432\u0430\u043d\u0456\u0439 \u0430\u0432\u0442\u043e\u0441\u0442\u043e\u044f\u043d\u0446\u0456 XXLKW \u0443 \u0412\u043e\u043a\u0435\u0440\u043e\u0434\u0435 \u043d\u0430\u0440\u0435\u0448\u0442\u0456 \u0434\u043e\u0441\u0442\u0443\u043f\u043d\u0438\u0439! \ud83d\ude9b\ud83d\udca8 \u041c\u0438 \u0437\u043d\u0430\u0454\u043c\u043e, \u043d\u0430\u0441\u043a\u0456\u043b\u044c\u043a\u0438 \u0441\u043a\u043b\u0430\u0434\u043d\u0438\u043c\u0438 \u043c\u043e\u0436\u0443\u0442\u044c \u0431\u0443\u0442\u0438 \u0449\u043e\u0434\u0435\u043d\u043d\u0456 \u0440\u043e\u0431\u043e\u0447\u0456 \u0431\u0443\u0434\u043d\u0456 \u0432 \u0434\u043e\u0440\u043e\u0437\u0456, \u0456 \u0445\u043e\u0447\u0435\u043c\u043e \u0437\u0440\u043e\u0431\u0438\u0442\u0438 \u0432\u0430\u0448\u0456 \u043f\u0435\u0440\u0435\u0440\u0432\u0438 \u044f\u043a\u043e\u043c\u043e\u0433\u0430 \u043f\u0440\u0438\u0454\u043c\u043d\u0456\u0448\u0438\u043c\u0438. \u0421\u0430\u043c\u0435 \u0442\u043e\u043c\u0443 \u043c\u0438 \u0437\u0430\u043f\u0440\u043e\u0432\u0430\u0434\u0438\u043b\u0438&#8230;<\/p>\n\t<\/div><!-- .entry-summary -->\n\t<footer class=\"entry-footer\">\n\t\t\t<div class=\"entry-actions\">\n\t\t\t<p class=\"more-link-wrap\">\n\t\t\t\t<a href=\"https:\/\/www.xxlkw-parking.de\/uk\/%d1%87%d1%83%d0%b4%d0%be%d0%b2%d0%b0-%d0%bd%d0%be%d0%b2%d0%b8%d0%bd%d0%b0-%d0%b4%d0%bb%d1%8f-%d0%b2%d1%81%d1%96%d1%85-%d0%b2%d0%be%d0%b4%d1%96%d1%97%d0%b2-%d0%b2%d0%b0%d0%bd%d1%82%d0%b0%d0%b6%d1%96\/\" class=\"post-more-link\">\n\t\t\t\t\tRead More<span class=\"screen-reader-text\"> \u0427\u0443\u0434\u043e\u0432\u0430 \u043d\u043e\u0432\u0438\u043d\u0430 \u0434\u043b\u044f \u0432\u0441\u0456\u0445 \u0432\u043e\u0434\u0456\u0457\u0432 \u0432\u0430\u043d\u0442\u0430\u0436\u0456\u0432\u043e\u043a: \u0432\u0430\u0443\u0447\u0435\u0440 \u043d\u0430 5 \u0454\u0432\u0440\u043e \u0432\u0436\u0435 \u0442\u0443\u0442!<\/span><span class=\"kadence-svg-iconset svg-baseline\"><svg aria-hidden=\"true\" class=\"kadence-svg-icon kadence-arrow-right-alt-svg\" fill=\"currentColor\" version=\"1.1\" xmlns=\"http:\/\/www.w3.org\/2000\/svg\" width=\"27\" height=\"28\" viewBox=\"0 0 27 28\"><title>Continue<\/title><path d=\"M27 13.953c0 0.141-0.063 0.281-0.156 0.375l-6 5.531c-0.156 0.141-0.359 0.172-0.547 0.094-0.172-0.078-0.297-0.25-0.297-0.453v-3.5h-19.5c-0.281 0-0.5-0.219-0.5-0.5v-3c0-0.281 0.219-0.5 0.5-0.5h19.5v-3.5c0-0.203 0.109-0.375 0.297-0.453s0.391-0.047 0.547 0.078l6 5.469c0.094 0.094 0.156 0.219 0.156 0.359v0z\"><\/path>\n\t\t\t<\/svg><\/span>\t\t\t\t<\/a>\n\t\t\t<\/p>\n\t\t<\/div><!-- .entry-actions -->\n\t\t<\/footer><!-- .entry-footer -->\t\t<\/div>\n\t<\/article>\n<\/li>\n<\/ul><\/div><\/div>\n\n<\/div><\/div>","protected":false},"excerpt":{"rendered":"<p>\u041d\u041e\u0412\u0418\u041d\u0418 \u041f\u0415\u0420\u0415\u0412\u0406\u0417\u041d\u0418\u041a\u0406\u0412<\/p>\n","protected":false},"author":1,"featured_media":0,"parent":0,"menu_order":0,"comment_status":"closed","ping_status":"closed","template":"","meta":{"_kad_blocks_custom_css":"","_kad_blocks_head_custom_js":"","_kad_blocks_body_custom_js":"","_kad_blocks_footer_custom_js":"","_kad_post_transparent":"","_kad_post_title":"","_kad_post_layout":"","_kad_post_sidebar_id":"","_kad_post_content_style":"","_kad_post_vertical_padding":"","_kad_post_feature":"","_kad_post_feature_position":"","_kad_post_header":false,"_kad_post_footer":false,"footnotes":""},"class_list":["post-15642","page","type-page","status-publish","hentry"],"yoast_head":"<!-- This site is optimized with the Yoast SEO plugin v27.3 - https:\/\/yoast.com\/product\/yoast-seo-wordpress\/ -->\n<title>\u041d\u043e\u0432\u0438\u043d\u0438 \u0434\u0430\u043b\u0435\u043a\u043e\u0431\u0456\u0439\u043d\u0438\u043a\u0456\u0432 - XXLKW Secure Parking Elbebr\u00fccke A9<\/title>\n<meta name=\"robots\" content=\"index, follow, max-snippet:-1, max-image-preview:large, max-video-preview:-1\" \/>\n<link rel=\"canonical\" href=\"https:\/\/www.xxlkw-parking.de\/uk\/%d0%bd%d0%be%d0%b2%d0%b8%d0%bd%d0%b8-%d0%b4%d0%b0%d0%bb%d0%b5%d0%ba%d0%be%d0%b1%d1%96%d0%b9%d0%bd%d0%b8%d0%ba%d1%96%d0%b2\/\" \/>\n<meta property=\"og:locale\" content=\"uk_UA\" \/>\n<meta property=\"og:type\" content=\"article\" \/>\n<meta property=\"og:title\" content=\"\u041d\u043e\u0432\u0438\u043d\u0438 \u0434\u0430\u043b\u0435\u043a\u043e\u0431\u0456\u0439\u043d\u0438\u043a\u0456\u0432 - XXLKW Secure Parking Elbebr\u00fccke A9\" \/>\n<meta property=\"og:description\" content=\"\u041d\u041e\u0412\u0418\u041d\u0418 \u041f\u0415\u0420\u0415\u0412\u0406\u0417\u041d\u0418\u041a\u0406\u0412\" \/>\n<meta property=\"og:url\" content=\"https:\/\/www.xxlkw-parking.de\/uk\/%d0%bd%d0%be%d0%b2%d0%b8%d0%bd%d0%b8-%d0%b4%d0%b0%d0%bb%d0%b5%d0%ba%d0%be%d0%b1%d1%96%d0%b9%d0%bd%d0%b8%d0%ba%d1%96%d0%b2\/\" \/>\n<meta property=\"og:site_name\" content=\"XXLKW Secure Parking Elbebr\u00fccke A9\" \/>\n<meta property=\"article:modified_time\" content=\"2024-09-11T17:08:30+00:00\" \/>\n<meta name=\"twitter:card\" content=\"summary_large_image\" \/>\n<script type=\"application\/ld+json\" class=\"yoast-schema-graph\">{\"@context\":\"https:\\\/\\\/schema.org\",\"@graph\":[{\"@type\":\"WebPage\",\"@id\":\"https:\\\/\\\/www.xxlkw-parking.de\\\/uk\\\/%d0%bd%d0%be%d0%b2%d0%b8%d0%bd%d0%b8-%d0%b4%d0%b0%d0%bb%d0%b5%d0%ba%d0%be%d0%b1%d1%96%d0%b9%d0%bd%d0%b8%d0%ba%d1%96%d0%b2\\\/\",\"url\":\"https:\\\/\\\/www.xxlkw-parking.de\\\/uk\\\/%d0%bd%d0%be%d0%b2%d0%b8%d0%bd%d0%b8-%d0%b4%d0%b0%d0%bb%d0%b5%d0%ba%d0%be%d0%b1%d1%96%d0%b9%d0%bd%d0%b8%d0%ba%d1%96%d0%b2\\\/\",\"name\":\"\u041d\u043e\u0432\u0438\u043d\u0438 \u0434\u0430\u043b\u0435\u043a\u043e\u0431\u0456\u0439\u043d\u0438\u043a\u0456\u0432 - XXLKW Secure Parking Elbebr\u00fccke A9\",\"isPartOf\":{\"@id\":\"https:\\\/\\\/www.xxlkw-parking.de\\\/uk\\\/#website\"},\"datePublished\":\"2024-09-03T18:50:06+00:00\",\"dateModified\":\"2024-09-11T17:08:30+00:00\",\"breadcrumb\":{\"@id\":\"https:\\\/\\\/www.xxlkw-parking.de\\\/uk\\\/%d0%bd%d0%be%d0%b2%d0%b8%d0%bd%d0%b8-%d0%b4%d0%b0%d0%bb%d0%b5%d0%ba%d0%be%d0%b1%d1%96%d0%b9%d0%bd%d0%b8%d0%ba%d1%96%d0%b2\\\/#breadcrumb\"},\"inLanguage\":\"uk\",\"potentialAction\":[{\"@type\":\"ReadAction\",\"target\":[\"https:\\\/\\\/www.xxlkw-parking.de\\\/uk\\\/%d0%bd%d0%be%d0%b2%d0%b8%d0%bd%d0%b8-%d0%b4%d0%b0%d0%bb%d0%b5%d0%ba%d0%be%d0%b1%d1%96%d0%b9%d0%bd%d0%b8%d0%ba%d1%96%d0%b2\\\/\"]}]},{\"@type\":\"BreadcrumbList\",\"@id\":\"https:\\\/\\\/www.xxlkw-parking.de\\\/uk\\\/%d0%bd%d0%be%d0%b2%d0%b8%d0%bd%d0%b8-%d0%b4%d0%b0%d0%bb%d0%b5%d0%ba%d0%be%d0%b1%d1%96%d0%b9%d0%bd%d0%b8%d0%ba%d1%96%d0%b2\\\/#breadcrumb\",\"itemListElement\":[{\"@type\":\"ListItem\",\"position\":1,\"name\":\"Startseite\",\"item\":\"https:\\\/\\\/www.xxlkw-parking.de\\\/uk\\\/\"},{\"@type\":\"ListItem\",\"position\":2,\"name\":\"\u041d\u043e\u0432\u0438\u043d\u0438 \u0434\u0430\u043b\u0435\u043a\u043e\u0431\u0456\u0439\u043d\u0438\u043a\u0456\u0432\"}]},{\"@type\":\"WebSite\",\"@id\":\"https:\\\/\\\/www.xxlkw-parking.de\\\/uk\\\/#website\",\"url\":\"https:\\\/\\\/www.xxlkw-parking.de\\\/uk\\\/\",\"name\":\"XXLKW Secure Parking Elbebr\u00fccke A9\",\"description\":\"LKW Parkplatz A9, Ausfahrt Vockerode\",\"publisher\":{\"@id\":\"https:\\\/\\\/www.xxlkw-parking.de\\\/uk\\\/#organization\"},\"potentialAction\":[{\"@type\":\"SearchAction\",\"target\":{\"@type\":\"EntryPoint\",\"urlTemplate\":\"https:\\\/\\\/www.xxlkw-parking.de\\\/uk\\\/?s={search_term_string}\"},\"query-input\":{\"@type\":\"PropertyValueSpecification\",\"valueRequired\":true,\"valueName\":\"search_term_string\"}}],\"inLanguage\":\"uk\"},{\"@type\":\"Organization\",\"@id\":\"https:\\\/\\\/www.xxlkw-parking.de\\\/uk\\\/#organization\",\"name\":\"XXLKW Secure Parking Elbebr\u00fccke A9\",\"url\":\"https:\\\/\\\/www.xxlkw-parking.de\\\/uk\\\/\",\"logo\":{\"@type\":\"ImageObject\",\"inLanguage\":\"uk\",\"@id\":\"https:\\\/\\\/www.xxlkw-parking.de\\\/uk\\\/#\\\/schema\\\/logo\\\/image\\\/\",\"url\":\"https:\\\/\\\/www.xxlkw-parking.de\\\/wp-content\\\/uploads\\\/2022\\\/10\\\/Logo-XXLKW.png\",\"contentUrl\":\"https:\\\/\\\/www.xxlkw-parking.de\\\/wp-content\\\/uploads\\\/2022\\\/10\\\/Logo-XXLKW.png\",\"width\":893,\"height\":346,\"caption\":\"XXLKW Secure Parking Elbebr\u00fccke A9\"},\"image\":{\"@id\":\"https:\\\/\\\/www.xxlkw-parking.de\\\/uk\\\/#\\\/schema\\\/logo\\\/image\\\/\"}}]}<\/script>\n<!-- \/ Yoast SEO plugin. -->","yoast_head_json":{"title":"\u041d\u043e\u0432\u0438\u043d\u0438 \u0434\u0430\u043b\u0435\u043a\u043e\u0431\u0456\u0439\u043d\u0438\u043a\u0456\u0432 - XXLKW Secure Parking Elbebr\u00fccke A9","robots":{"index":"index","follow":"follow","max-snippet":"max-snippet:-1","max-image-preview":"max-image-preview:large","max-video-preview":"max-video-preview:-1"},"canonical":"https:\/\/www.xxlkw-parking.de\/uk\/%d0%bd%d0%be%d0%b2%d0%b8%d0%bd%d0%b8-%d0%b4%d0%b0%d0%bb%d0%b5%d0%ba%d0%be%d0%b1%d1%96%d0%b9%d0%bd%d0%b8%d0%ba%d1%96%d0%b2\/","og_locale":"uk_UA","og_type":"article","og_title":"\u041d\u043e\u0432\u0438\u043d\u0438 \u0434\u0430\u043b\u0435\u043a\u043e\u0431\u0456\u0439\u043d\u0438\u043a\u0456\u0432 - XXLKW Secure Parking Elbebr\u00fccke A9","og_description":"\u041d\u041e\u0412\u0418\u041d\u0418 \u041f\u0415\u0420\u0415\u0412\u0406\u0417\u041d\u0418\u041a\u0406\u0412","og_url":"https:\/\/www.xxlkw-parking.de\/uk\/%d0%bd%d0%be%d0%b2%d0%b8%d0%bd%d0%b8-%d0%b4%d0%b0%d0%bb%d0%b5%d0%ba%d0%be%d0%b1%d1%96%d0%b9%d0%bd%d0%b8%d0%ba%d1%96%d0%b2\/","og_site_name":"XXLKW Secure Parking Elbebr\u00fccke A9","article_modified_time":"2024-09-11T17:08:30+00:00","twitter_card":"summary_large_image","schema":{"@context":"https:\/\/schema.org","@graph":[{"@type":"WebPage","@id":"https:\/\/www.xxlkw-parking.de\/uk\/%d0%bd%d0%be%d0%b2%d0%b8%d0%bd%d0%b8-%d0%b4%d0%b0%d0%bb%d0%b5%d0%ba%d0%be%d0%b1%d1%96%d0%b9%d0%bd%d0%b8%d0%ba%d1%96%d0%b2\/","url":"https:\/\/www.xxlkw-parking.de\/uk\/%d0%bd%d0%be%d0%b2%d0%b8%d0%bd%d0%b8-%d0%b4%d0%b0%d0%bb%d0%b5%d0%ba%d0%be%d0%b1%d1%96%d0%b9%d0%bd%d0%b8%d0%ba%d1%96%d0%b2\/","name":"\u041d\u043e\u0432\u0438\u043d\u0438 \u0434\u0430\u043b\u0435\u043a\u043e\u0431\u0456\u0439\u043d\u0438\u043a\u0456\u0432 - XXLKW Secure Parking Elbebr\u00fccke A9","isPartOf":{"@id":"https:\/\/www.xxlkw-parking.de\/uk\/#website"},"datePublished":"2024-09-03T18:50:06+00:00","dateModified":"2024-09-11T17:08:30+00:00","breadcrumb":{"@id":"https:\/\/www.xxlkw-parking.de\/uk\/%d0%bd%d0%be%d0%b2%d0%b8%d0%bd%d0%b8-%d0%b4%d0%b0%d0%bb%d0%b5%d0%ba%d0%be%d0%b1%d1%96%d0%b9%d0%bd%d0%b8%d0%ba%d1%96%d0%b2\/#breadcrumb"},"inLanguage":"uk","potentialAction":[{"@type":"ReadAction","target":["https:\/\/www.xxlkw-parking.de\/uk\/%d0%bd%d0%be%d0%b2%d0%b8%d0%bd%d0%b8-%d0%b4%d0%b0%d0%bb%d0%b5%d0%ba%d0%be%d0%b1%d1%96%d0%b9%d0%bd%d0%b8%d0%ba%d1%96%d0%b2\/"]}]},{"@type":"BreadcrumbList","@id":"https:\/\/www.xxlkw-parking.de\/uk\/%d0%bd%d0%be%d0%b2%d0%b8%d0%bd%d0%b8-%d0%b4%d0%b0%d0%bb%d0%b5%d0%ba%d0%be%d0%b1%d1%96%d0%b9%d0%bd%d0%b8%d0%ba%d1%96%d0%b2\/#breadcrumb","itemListElement":[{"@type":"ListItem","position":1,"name":"Startseite","item":"https:\/\/www.xxlkw-parking.de\/uk\/"},{"@type":"ListItem","position":2,"name":"\u041d\u043e\u0432\u0438\u043d\u0438 \u0434\u0430\u043b\u0435\u043a\u043e\u0431\u0456\u0439\u043d\u0438\u043a\u0456\u0432"}]},{"@type":"WebSite","@id":"https:\/\/www.xxlkw-parking.de\/uk\/#website","url":"https:\/\/www.xxlkw-parking.de\/uk\/","name":"XXLKW Secure Parking Elbebr\u00fccke A9","description":"LKW Parkplatz A9, Ausfahrt Vockerode","publisher":{"@id":"https:\/\/www.xxlkw-parking.de\/uk\/#organization"},"potentialAction":[{"@type":"SearchAction","target":{"@type":"EntryPoint","urlTemplate":"https:\/\/www.xxlkw-parking.de\/uk\/?s={search_term_string}"},"query-input":{"@type":"PropertyValueSpecification","valueRequired":true,"valueName":"search_term_string"}}],"inLanguage":"uk"},{"@type":"Organization","@id":"https:\/\/www.xxlkw-parking.de\/uk\/#organization","name":"XXLKW Secure Parking Elbebr\u00fccke A9","url":"https:\/\/www.xxlkw-parking.de\/uk\/","logo":{"@type":"ImageObject","inLanguage":"uk","@id":"https:\/\/www.xxlkw-parking.de\/uk\/#\/schema\/logo\/image\/","url":"https:\/\/www.xxlkw-parking.de\/wp-content\/uploads\/2022\/10\/Logo-XXLKW.png","contentUrl":"https:\/\/www.xxlkw-parking.de\/wp-content\/uploads\/2022\/10\/Logo-XXLKW.png","width":893,"height":346,"caption":"XXLKW Secure Parking Elbebr\u00fccke A9"},"image":{"@id":"https:\/\/www.xxlkw-parking.de\/uk\/#\/schema\/logo\/image\/"}}]}},"taxonomy_info":[],"featured_image_src_large":false,"author_info":{"display_name":"linda","author_link":"https:\/\/www.xxlkw-parking.de\/uk\/author\/linda\/"},"comment_info":0,"_links":{"self":[{"href":"https:\/\/www.xxlkw-parking.de\/uk\/wp-json\/wp\/v2\/pages\/15642","targetHints":{"allow":["GET"]}}],"collection":[{"href":"https:\/\/www.xxlkw-parking.de\/uk\/wp-json\/wp\/v2\/pages"}],"about":[{"href":"https:\/\/www.xxlkw-parking.de\/uk\/wp-json\/wp\/v2\/types\/page"}],"author":[{"embeddable":true,"href":"https:\/\/www.xxlkw-parking.de\/uk\/wp-json\/wp\/v2\/users\/1"}],"replies":[{"embeddable":true,"href":"https:\/\/www.xxlkw-parking.de\/uk\/wp-json\/wp\/v2\/comments?post=15642"}],"version-history":[{"count":2,"href":"https:\/\/www.xxlkw-parking.de\/uk\/wp-json\/wp\/v2\/pages\/15642\/revisions"}],"predecessor-version":[{"id":15644,"href":"https:\/\/www.xxlkw-parking.de\/uk\/wp-json\/wp\/v2\/pages\/15642\/revisions\/15644"}],"wp:attachment":[{"href":"https:\/\/www.xxlkw-parking.de\/uk\/wp-json\/wp\/v2\/media?parent=15642"}],"curies":[{"name":"wp","href":"https:\/\/api.w.org\/{rel}","templated":true}]}}